{"id":9905,"date":"2021-04-14T14:37:14","date_gmt":"2021-04-14T12:37:14","guid":{"rendered":"https:\/\/www.antikvariat-vodnik.si\/?post_type=product&#038;p=9905"},"modified":"2025-12-28T13:21:18","modified_gmt":"2025-12-28T12:21:18","slug":"vodnik-po-gorenjski-muzejsko-planinski-transverzali","status":"publish","type":"product","link":"https:\/\/www.antikvariat-vodnik.si\/?product=vodnik-po-gorenjski-muzejsko-planinski-transverzali","title":{"rendered":"VODNIK PO GORENJSKI MUZEJSKO-PLANINSKI TRANSVERZALI"},"content":{"rendered":"<p>Zalo\u017eili: Gornjesavski muzej Jesenice, Muzeji Radovlji\u0161ke ob\u010dine,<br \/>\nTr\u017ei\u0161ki muzej, Medob\u010dinski muzej Kamnik, Gorenjski, muzej, Lo\u0161ki muzej \u0160kofja Loka<br \/>\n2019<br \/>\n14,0cm x 21,1cm, 54 strani<\/p>\n","protected":false},"excerpt":{"rendered":"<p>Zalo\u017eili: Gornjesavski muzej Jesenice, Muzeji Radovlji\u0161ke ob\u010dine, Tr\u017ei\u0161ki muzej, Medob\u010dinski muzej Kamnik, Gorenjski, muzej, Lo\u0161ki muzej \u0160kofja Loka 2019 14,0cm x 21,1cm, 54 strani<\/p>\n","protected":false},"featured_media":9906,"template":"","meta":{"_monsterinsights_skip_tracking":false,"_monsterinsights_sitenote_active":false,"_monsterinsights_sitenote_note":"","_monsterinsights_sitenote_category":0},"product_brand":[],"product_cat":[42,16,18,39],"product_tag":[],"class_list":{"0":"post-9905","1":"product","2":"type-product","3":"status-publish","4":"has-post-thumbnail","6":"product_cat-dom-vrt-prosti-cas","7":"product_cat-katalog-knjig","8":"product_cat-nove-knjige","9":"product_cat-turizem","11":"first","12":"instock","13":"taxable","14":"shipping-taxable","15":"purchasable","16":"product-type-simple"},"jetpack_sharing_enabled":true,"_links":{"self":[{"href":"https:\/\/www.antikvariat-vodnik.si\/index.php?rest_route=\/wp\/v2\/product\/9905","targetHints":{"allow":["GET"]}}],"collection":[{"href":"https:\/\/www.antikvariat-vodnik.si\/index.php?rest_route=\/wp\/v2\/product"}],"about":[{"href":"https:\/\/www.antikvariat-vodnik.si\/index.php?rest_route=\/wp\/v2\/types\/product"}],"wp:featuredmedia":[{"embeddable":true,"href":"https:\/\/www.antikvariat-vodnik.si\/index.php?rest_route=\/wp\/v2\/media\/9906"}],"wp:attachment":[{"href":"https:\/\/www.antikvariat-vodnik.si\/index.php?rest_route=%2Fwp%2Fv2%2Fmedia&parent=9905"}],"wp:term":[{"taxonomy":"product_brand","embeddable":true,"href":"https:\/\/www.antikvariat-vodnik.si\/index.php?rest_route=%2Fwp%2Fv2%2Fproduct_brand&post=9905"},{"taxonomy":"product_cat","embeddable":true,"href":"https:\/\/www.antikvariat-vodnik.si\/index.php?rest_route=%2Fwp%2Fv2%2Fproduct_cat&post=9905"},{"taxonomy":"product_tag","embeddable":true,"href":"https:\/\/www.antikvariat-vodnik.si\/index.php?rest_route=%2Fwp%2Fv2%2Fproduct_tag&post=9905"}],"curies":[{"name":"wp","href":"https:\/\/api.w.org\/{rel}","templated":true}]}}