{"id":9884,"date":"2021-04-14T13:37:01","date_gmt":"2021-04-14T11:37:01","guid":{"rendered":"https:\/\/www.antikvariat-vodnik.si\/?post_type=product&#038;p=9884"},"modified":"2026-04-10T20:01:18","modified_gmt":"2026-04-10T18:01:18","slug":"visoke-grede-in-vrticki-v-posodah-misa-pusenjak","status":"publish","type":"product","link":"https:\/\/www.antikvariat-vodnik.si\/?product=visoke-grede-in-vrticki-v-posodah-misa-pusenjak","title":{"rendered":"VISOKE GREDE IN VRTI\u010cKI V POSODAH, Mi\u0161a Pu\u0161enjak"},"content":{"rendered":"<p>Priro\u010dnik\u00a0 prina\u0161a najsodobnej\u0161a dognanja in nazorno slikovno gradivo vsem, ki si \u017eelijo postaviti visoke grede ali urediti vrti\u010dek v posodah na balkonih in terasah. Bralca seznani\u00a0 s posebnostmi gojenja vrtnin na\u00a0 gomilah ter vzpodbuja, da si z njimi pove\u010da povr\u0161ino pridelave na vrtu.<\/p>\n<p>&nbsp;<\/p>\n<p>142\u00a0 strani, mehka vezava, 23,5 cm,\u00a0 Kme\u010dki glas 2017, lepo ohranjeno<\/p>\n","protected":false},"excerpt":{"rendered":"<p>Priro\u010dnik\u00a0 prina\u0161a najsodobnej\u0161a dognanja in nazorno slikovno gradivo vsem, ki si \u017eelijo postaviti visoke grede ali urediti vrti\u010dek v posodah na balkonih in terasah. Bralca seznani\u00a0 s posebnostmi gojenja vrtnin na\u00a0 gomilah ter vzpodbuja, da si z njimi pove\u010da povr\u0161ino pridelave na vrtu. &nbsp; 142\u00a0 strani, mehka vezava, 23,5 cm,\u00a0 Kme\u010dki glas 2017, lepo ohranjeno<\/p>\n","protected":false},"featured_media":9885,"template":"","meta":{"_monsterinsights_skip_tracking":false,"_monsterinsights_sitenote_active":false,"_monsterinsights_sitenote_note":"","_monsterinsights_sitenote_category":0},"product_brand":[],"product_cat":[17,16,26,53],"product_tag":[],"class_list":{"0":"post-9884","1":"product","2":"type-product","3":"status-publish","4":"has-post-thumbnail","6":"product_cat-antikvarne-knjige","7":"product_cat-katalog-knjig","8":"product_cat-prirocniki-uporabne-vede-duhovnost","9":"product_cat-rastline-vrt-zivali","11":"first","12":"instock","13":"taxable","14":"shipping-taxable","15":"purchasable","16":"product-type-simple"},"jetpack_sharing_enabled":true,"_links":{"self":[{"href":"https:\/\/www.antikvariat-vodnik.si\/index.php?rest_route=\/wp\/v2\/product\/9884","targetHints":{"allow":["GET"]}}],"collection":[{"href":"https:\/\/www.antikvariat-vodnik.si\/index.php?rest_route=\/wp\/v2\/product"}],"about":[{"href":"https:\/\/www.antikvariat-vodnik.si\/index.php?rest_route=\/wp\/v2\/types\/product"}],"wp:featuredmedia":[{"embeddable":true,"href":"https:\/\/www.antikvariat-vodnik.si\/index.php?rest_route=\/wp\/v2\/media\/9885"}],"wp:attachment":[{"href":"https:\/\/www.antikvariat-vodnik.si\/index.php?rest_route=%2Fwp%2Fv2%2Fmedia&parent=9884"}],"wp:term":[{"taxonomy":"product_brand","embeddable":true,"href":"https:\/\/www.antikvariat-vodnik.si\/index.php?rest_route=%2Fwp%2Fv2%2Fproduct_brand&post=9884"},{"taxonomy":"product_cat","embeddable":true,"href":"https:\/\/www.antikvariat-vodnik.si\/index.php?rest_route=%2Fwp%2Fv2%2Fproduct_cat&post=9884"},{"taxonomy":"product_tag","embeddable":true,"href":"https:\/\/www.antikvariat-vodnik.si\/index.php?rest_route=%2Fwp%2Fv2%2Fproduct_tag&post=9884"}],"curies":[{"name":"wp","href":"https:\/\/api.w.org\/{rel}","templated":true}]}}