{"id":9880,"date":"2021-04-14T13:31:31","date_gmt":"2021-04-14T11:31:31","guid":{"rendered":"https:\/\/www.antikvariat-vodnik.si\/?post_type=product&#038;p=9880"},"modified":"2021-04-14T13:32:09","modified_gmt":"2021-04-14T11:32:09","slug":"sladice-alenke-kodele-alenka-kodele","status":"publish","type":"product","link":"https:\/\/www.antikvariat-vodnik.si\/?product=sladice-alenke-kodele-alenka-kodele","title":{"rendered":"SLADICE ALENKE KODELE, Alenka Kodele"},"content":{"rendered":"<p class=\"western\"><span style=\"color: #000000;\"><b>V knjigi so zbrani recepti z natan\u010dno opisanimi postopki, dopolnjeni s fotografijami, za pripravo raznovrstnih sladic\u00a0<\/b><\/span><span style=\"color: #000000;\">\u2013 tistih, ki vsak dan vzbujajo skomine po sladkem in tudi tistih, s katerimi ustvarjamo prazni\u010dna vzdu\u0161ja. Avtorica odstira \u0161tevilne skrivnosti o pripravi preprostega zavitka, nepozabne vaniljeve kreme, dih jemajo\u010de rojstnodnevne torte, o okra\u0161evanju bo\u017ei\u010dnih pi\u0161kotov ter izdelavi finega listnatega testa. Med izbrane sladice je uvrstila tudi svojo najljub\u0161o \u2013 vipavske \u0161truklje. Knjigo dopolnjujejo recepti za pripravo veganskih in presnih sladic, med drugim tudi recept za presno potico prefinjenega okusa<\/span><\/p>\n<p class=\"western\"><span style=\"color: #000000;\"><b>Natan\u010dno opisani postopki za izdelavo sladic oziroma razli\u010dnih vrst testa, glazur, krem in nadevov vas bodo brez dvoma vodili k zagotovljenemu kon\u010dnemu uspehu.<\/b><\/span><\/p>\n<p class=\"western\" align=\"justify\"><span style=\"color: #000000;\">V Zalo\u017ebi Kme\u010dki glas smo ponosni na sla\u0161\u010di\u010darsko ustvarjalnost mojstrice Alenke Kodele, saj nam je skozi leta odli\u010dnega sodelovanja uspelo prodati ve\u010d kot 50.000 izvodov njenih knjig, med katerimi so vam zagotovo ostali v spominu naslovi, kot so Torte, Najbolj\u0161i pi\u0161koti, sladki gri\u017eljaji in slano pecivo, Sladki in slani zavitki in pite, \u010ca\u0161a sladkega, Torte in tortice, Pi\u0161koti, pi\u0161kotki in druga\u010dno pecivo, ki so na slovenskem kulinari\u010dnem knji\u017enem trgu postali prave uspe\u0161nice. Prepri\u010dani smo, da bo posebno mesto na va\u0161ih kuhinjskih policah zasedla tudi avtori\u010dina nova, veli\u010dastna knjiga o pripravi izvrstnih sladic.<\/span><\/p>\n","protected":false},"excerpt":{"rendered":"<p>V knjigi so zbrani recepti z natan\u010dno opisanimi postopki, dopolnjeni s fotografijami, za pripravo raznovrstnih sladic\u00a0\u2013 tistih, ki vsak dan vzbujajo skomine po sladkem in tudi tistih, s katerimi ustvarjamo prazni\u010dna vzdu\u0161ja. Avtorica odstira \u0161tevilne skrivnosti o pripravi preprostega zavitka, nepozabne vaniljeve kreme, dih jemajo\u010de rojstnodnevne torte, o okra\u0161evanju bo\u017ei\u010dnih pi\u0161kotov ter izdelavi finega listnatega [&hellip;]<\/p>\n","protected":false},"featured_media":9881,"template":"","meta":{"_monsterinsights_skip_tracking":false,"_monsterinsights_sitenote_active":false,"_monsterinsights_sitenote_note":"","_monsterinsights_sitenote_category":0},"product_brand":[],"product_cat":[16,18,41],"product_tag":[],"class_list":{"0":"post-9880","1":"product","2":"type-product","3":"status-publish","4":"has-post-thumbnail","6":"product_cat-katalog-knjig","7":"product_cat-nove-knjige","8":"product_cat-zdravje-kulinarika","10":"first","11":"instock","12":"taxable","13":"shipping-taxable","14":"purchasable","15":"product-type-simple"},"jetpack_sharing_enabled":true,"_links":{"self":[{"href":"https:\/\/www.antikvariat-vodnik.si\/index.php?rest_route=\/wp\/v2\/product\/9880","targetHints":{"allow":["GET"]}}],"collection":[{"href":"https:\/\/www.antikvariat-vodnik.si\/index.php?rest_route=\/wp\/v2\/product"}],"about":[{"href":"https:\/\/www.antikvariat-vodnik.si\/index.php?rest_route=\/wp\/v2\/types\/product"}],"wp:featuredmedia":[{"embeddable":true,"href":"https:\/\/www.antikvariat-vodnik.si\/index.php?rest_route=\/wp\/v2\/media\/9881"}],"wp:attachment":[{"href":"https:\/\/www.antikvariat-vodnik.si\/index.php?rest_route=%2Fwp%2Fv2%2Fmedia&parent=9880"}],"wp:term":[{"taxonomy":"product_brand","embeddable":true,"href":"https:\/\/www.antikvariat-vodnik.si\/index.php?rest_route=%2Fwp%2Fv2%2Fproduct_brand&post=9880"},{"taxonomy":"product_cat","embeddable":true,"href":"https:\/\/www.antikvariat-vodnik.si\/index.php?rest_route=%2Fwp%2Fv2%2Fproduct_cat&post=9880"},{"taxonomy":"product_tag","embeddable":true,"href":"https:\/\/www.antikvariat-vodnik.si\/index.php?rest_route=%2Fwp%2Fv2%2Fproduct_tag&post=9880"}],"curies":[{"name":"wp","href":"https:\/\/api.w.org\/{rel}","templated":true}]}}