{"id":9874,"date":"2021-04-14T13:21:54","date_gmt":"2021-04-14T11:21:54","guid":{"rendered":"https:\/\/www.antikvariat-vodnik.si\/?post_type=product&#038;p=9874"},"modified":"2022-03-31T17:48:49","modified_gmt":"2022-03-31T15:48:49","slug":"naravno-varstvo-vrtnin-misa-pusenjak","status":"publish","type":"product","link":"https:\/\/www.antikvariat-vodnik.si\/?product=naravno-varstvo-vrtnin-misa-pusenjak","title":{"rendered":"NARAVNO VARSTVO VRTNIN, Mi\u0161a Pu\u0161enjak"},"content":{"rendered":"<p style=\"font-weight: 400;\">Zaradi vse bolj spremenljivega vremena ter novih visokorodnih sort, ki so dovzetnej\u0161e za bolezni, ima varstvo vrtnin vse ve\u010dji pomen pri pridelavi zdrave hrane. Ljubitelji vrtnarjenja na svojih vrtovih \u0161e vedno prepogosto uporabljajo kemi\u010dna sredstva.<\/p>\n<p style=\"font-weight: 400;\">Prvi del priro\u010dnika je namenjen za\u0161\u010diti oziroma krepitvi rastlin ter prepre\u010devanju njihovih bolezni, drugi del pa obravnava naravno varstvo vrtnin. Med osnovne za\u0161\u010ditne ukrepe sodijo kolobar, me\u0161ani posevki, pravilen izbor sort ter priprava ustrezno rahle in vla\u017ene zemlje, primerno gnojenje \u2026 Ko se te\u017eave \u017ee pojavijo, so pomembni predvsem napotki za izdelavo doma\u010dih pripravkov oziroma nakup ekolo\u0161kih in bioti\u010dnih pripravkov ter biostimulatorjev, ustreznih za posamezne dru\u017eine vrtnin. V knjigi boste na\u0161li premi\u0161ljeno na\u010drtovane odgovore na vsa vpra\u0161anja o te\u017eavah, ki vas pestijo na vrtu.<\/p>\n","protected":false},"excerpt":{"rendered":"<p>Zaradi vse bolj spremenljivega vremena ter novih visokorodnih sort, ki so dovzetnej\u0161e za bolezni, ima varstvo vrtnin vse ve\u010dji pomen pri pridelavi zdrave hrane. Ljubitelji vrtnarjenja na svojih vrtovih \u0161e vedno prepogosto uporabljajo kemi\u010dna sredstva. Prvi del priro\u010dnika je namenjen za\u0161\u010diti oziroma krepitvi rastlin ter prepre\u010devanju njihovih bolezni, drugi del pa obravnava naravno varstvo vrtnin. [&hellip;]<\/p>\n","protected":false},"featured_media":9875,"template":"","meta":{"_monsterinsights_skip_tracking":false,"_monsterinsights_sitenote_active":false,"_monsterinsights_sitenote_note":"","_monsterinsights_sitenote_category":0},"product_brand":[],"product_cat":[16,18,41],"product_tag":[],"class_list":{"0":"post-9874","1":"product","2":"type-product","3":"status-publish","4":"has-post-thumbnail","6":"product_cat-katalog-knjig","7":"product_cat-nove-knjige","8":"product_cat-zdravje-kulinarika","10":"first","11":"instock","12":"taxable","13":"shipping-taxable","14":"purchasable","15":"product-type-simple"},"jetpack_sharing_enabled":true,"_links":{"self":[{"href":"https:\/\/www.antikvariat-vodnik.si\/index.php?rest_route=\/wp\/v2\/product\/9874","targetHints":{"allow":["GET"]}}],"collection":[{"href":"https:\/\/www.antikvariat-vodnik.si\/index.php?rest_route=\/wp\/v2\/product"}],"about":[{"href":"https:\/\/www.antikvariat-vodnik.si\/index.php?rest_route=\/wp\/v2\/types\/product"}],"wp:featuredmedia":[{"embeddable":true,"href":"https:\/\/www.antikvariat-vodnik.si\/index.php?rest_route=\/wp\/v2\/media\/9875"}],"wp:attachment":[{"href":"https:\/\/www.antikvariat-vodnik.si\/index.php?rest_route=%2Fwp%2Fv2%2Fmedia&parent=9874"}],"wp:term":[{"taxonomy":"product_brand","embeddable":true,"href":"https:\/\/www.antikvariat-vodnik.si\/index.php?rest_route=%2Fwp%2Fv2%2Fproduct_brand&post=9874"},{"taxonomy":"product_cat","embeddable":true,"href":"https:\/\/www.antikvariat-vodnik.si\/index.php?rest_route=%2Fwp%2Fv2%2Fproduct_cat&post=9874"},{"taxonomy":"product_tag","embeddable":true,"href":"https:\/\/www.antikvariat-vodnik.si\/index.php?rest_route=%2Fwp%2Fv2%2Fproduct_tag&post=9874"}],"curies":[{"name":"wp","href":"https:\/\/api.w.org\/{rel}","templated":true}]}}