{"id":9722,"date":"2021-04-13T14:37:54","date_gmt":"2021-04-13T12:37:54","guid":{"rendered":"https:\/\/www.antikvariat-vodnik.si\/?post_type=product&#038;p=9722"},"modified":"2024-12-17T13:42:23","modified_gmt":"2024-12-17T12:42:23","slug":"naravne-resitve-za-bolecine-sanja-loncar","status":"publish","type":"product","link":"https:\/\/www.antikvariat-vodnik.si\/?product=naravne-resitve-za-bolecine-sanja-loncar","title":{"rendered":"NARAVNE RE\u0160ITVE ZA BOLE\u010cINE, Sanja Lon\u010dar"},"content":{"rendered":"<p>Naravne re\u0161itve za bole\u010dine v mi\u0161icah, sklepih, hrbtenici, kolenih\u2026<\/p>\n<p>Pa bo na\u0161e \u017eivljenje zato res postalo la\u017eje ali se bomo kmalu zna\u0161li v \u0161e ve\u010djih te\u017eavah, ko nam bodo mo\u010dne u\u010dinkovine po\u0161kodovale \u0161e \u017eelodec, jetra in ledvice? Odgovor na ta vpra\u0161anja boste lahko prebrali v novem priro\u010dniku iz edicije Preverjene naravne re\u0161itve: Naravne re\u0161itve za bole\u010dine v mi\u0161icah, sklepih, hrbtenici, kolenih \u2026<\/p>\n<p>Ali obstaja druga\u010dna, manj tvegana re\u0161itev?<\/p>\n<p>Naravne re\u0161itve, ki so po krivici odrinjene na stran, zmorejo veliko ve\u010d, kot si predstavljamo. Ali ste vedeli:<\/p>\n<p>&#8211; da sta arnika in lovor po svojih protibole\u010dinskih mo\u010deh primerljiva z nesteroidnimi antirevmatiki?<br \/>\n&#8211; da kakovostni gabezovi pripravki v \u0161tevilnih klini\u010dnih \u0161tudijah dokazujejo, da so mo\u010dnej\u0161i od protibole\u010dinskih mazil, ki vsebujejo u\u010dinkovino diklofenak (Voltaren, Naklofen \u2026)?<br \/>\n&#8211; da vrbova skorja deluje sicer malo bolj po\u010dasi, vendar dose\u017ee enake u\u010dinke kot sintezna acetilsalicilna kislina, pri tem pa je veliko bolj ne\u017ena do \u017eelodca?<br \/>\n&#8211; da \u0161entjan\u017eevka odli\u010dno pomaga pri vnetih \u017eivcih, kot je ishiadi\u010dni?<\/p>\n<p>Seznam rastlin, ki zmanj\u0161ujejo na\u0161o ob\u010dutljivost na bole\u010dine ter delujejo protibole\u010dinsko in protivnetno, je zelo dolg in obetaven. \u010ce jih znamo pravilno uporabiti, lahko mo\u010dno zmanj\u0161amo uporabo bolj tveganih zdravil.<\/p>\n<p>Tudi druge naravne metode so nam lahko v veliko pomo\u010d. Obkladki, masa\u017ee, termalne vode, funkcionalna hranila zmorejo veliko ve\u010d, kot si mislite, le pravilno jih je treba izbrati in uporabiti.<\/p>\n<div class=\"attribut\">Zalo\u017eba:\u00a0Jasno in glasno<\/div>\n<div class=\"attribut\">Leto izdaje:\u00a02018<\/div>\n<div class=\"attribut\">\u0160t. strani:\u00a0220<\/div>\n<div class=\"attribut\">\u0160irina (mm):\u00a0190<\/div>\n<div class=\"attribut\">Vi\u0161ina (mm):\u00a0245<\/div>\n<div class=\"attribut\">Debelina (mm):\u00a012<\/div>\n<div class=\"attribut\">Vezava:\u00a0Mehka<\/div>\n","protected":false},"excerpt":{"rendered":"<p>Naravne re\u0161itve za bole\u010dine v mi\u0161icah, sklepih, hrbtenici, kolenih\u2026 Pa bo na\u0161e \u017eivljenje zato res postalo la\u017eje ali se bomo kmalu zna\u0161li v \u0161e ve\u010djih te\u017eavah, ko nam bodo mo\u010dne u\u010dinkovine po\u0161kodovale \u0161e \u017eelodec, jetra in ledvice? Odgovor na ta vpra\u0161anja boste lahko prebrali v novem priro\u010dniku iz edicije Preverjene naravne re\u0161itve: Naravne re\u0161itve za [&hellip;]<\/p>\n","protected":false},"featured_media":9723,"template":"","meta":{"_monsterinsights_skip_tracking":false,"_monsterinsights_sitenote_active":false,"_monsterinsights_sitenote_note":"","_monsterinsights_sitenote_category":0},"product_brand":[],"product_cat":[16,18,41],"product_tag":[],"class_list":{"0":"post-9722","1":"product","2":"type-product","3":"status-publish","4":"has-post-thumbnail","6":"product_cat-katalog-knjig","7":"product_cat-nove-knjige","8":"product_cat-zdravje-kulinarika","10":"first","11":"instock","12":"taxable","13":"shipping-taxable","14":"purchasable","15":"product-type-simple"},"jetpack_sharing_enabled":true,"_links":{"self":[{"href":"https:\/\/www.antikvariat-vodnik.si\/index.php?rest_route=\/wp\/v2\/product\/9722","targetHints":{"allow":["GET"]}}],"collection":[{"href":"https:\/\/www.antikvariat-vodnik.si\/index.php?rest_route=\/wp\/v2\/product"}],"about":[{"href":"https:\/\/www.antikvariat-vodnik.si\/index.php?rest_route=\/wp\/v2\/types\/product"}],"wp:featuredmedia":[{"embeddable":true,"href":"https:\/\/www.antikvariat-vodnik.si\/index.php?rest_route=\/wp\/v2\/media\/9723"}],"wp:attachment":[{"href":"https:\/\/www.antikvariat-vodnik.si\/index.php?rest_route=%2Fwp%2Fv2%2Fmedia&parent=9722"}],"wp:term":[{"taxonomy":"product_brand","embeddable":true,"href":"https:\/\/www.antikvariat-vodnik.si\/index.php?rest_route=%2Fwp%2Fv2%2Fproduct_brand&post=9722"},{"taxonomy":"product_cat","embeddable":true,"href":"https:\/\/www.antikvariat-vodnik.si\/index.php?rest_route=%2Fwp%2Fv2%2Fproduct_cat&post=9722"},{"taxonomy":"product_tag","embeddable":true,"href":"https:\/\/www.antikvariat-vodnik.si\/index.php?rest_route=%2Fwp%2Fv2%2Fproduct_tag&post=9722"}],"curies":[{"name":"wp","href":"https:\/\/api.w.org\/{rel}","templated":true}]}}