{"id":9645,"date":"2021-04-12T14:00:34","date_gmt":"2021-04-12T12:00:34","guid":{"rendered":"https:\/\/www.antikvariat-vodnik.si\/?post_type=product&#038;p=9645"},"modified":"2021-04-12T14:01:07","modified_gmt":"2021-04-12T12:01:07","slug":"ljudje-prizgimo-luc-frane-milcinski-jezek","status":"publish","type":"product","link":"https:\/\/www.antikvariat-vodnik.si\/?product=ljudje-prizgimo-luc-frane-milcinski-jezek","title":{"rendered":"LJUDJE, PRI\u017dGIMO LU\u010c! Frane Mil\u010dinski &#8211; Je\u017eek"},"content":{"rendered":"<p>Pesemsko-prozni ogrlici namenimo posebno popotno bra\u0161no \u2013 zvo\u010dno knjigo, ki vsebuje \u0161anson in recitacijo.<\/p>\n<p>Odlomek<br \/>\nPri\u017egimo jo vsi hkrati, po celem svetu hkrati, da bodo &#8211; kdove odkod &#8211; utrujeni soldati domov spet na\u0161li pot.<\/p>\n<p>Zbirka: SREBRNI GLAS, Trda vezava &#8211; s prilo\u017eenim CD-jem, Obseg: 176 strani, Format: 170 mm x 170 mm<\/p>\n","protected":false},"excerpt":{"rendered":"<p>Pesemsko-prozni ogrlici namenimo posebno popotno bra\u0161no \u2013 zvo\u010dno knjigo, ki vsebuje \u0161anson in recitacijo. Odlomek Pri\u017egimo jo vsi hkrati, po celem svetu hkrati, da bodo &#8211; kdove odkod &#8211; utrujeni soldati domov spet na\u0161li pot. Zbirka: SREBRNI GLAS, Trda vezava &#8211; s prilo\u017eenim CD-jem, Obseg: 176 strani, Format: 170 mm x 170 mm<\/p>\n","protected":false},"featured_media":9646,"template":"","meta":{"_monsterinsights_skip_tracking":false,"_monsterinsights_sitenote_active":false,"_monsterinsights_sitenote_note":"","_monsterinsights_sitenote_category":0},"product_brand":[],"product_cat":[16,36,18],"product_tag":[],"class_list":{"0":"post-9645","1":"product","2":"type-product","3":"status-publish","4":"has-post-thumbnail","6":"product_cat-katalog-knjig","7":"product_cat-leposlovje-nove-knjige","8":"product_cat-nove-knjige","10":"first","11":"instock","12":"taxable","13":"shipping-taxable","14":"purchasable","15":"product-type-simple"},"jetpack_sharing_enabled":true,"_links":{"self":[{"href":"https:\/\/www.antikvariat-vodnik.si\/index.php?rest_route=\/wp\/v2\/product\/9645","targetHints":{"allow":["GET"]}}],"collection":[{"href":"https:\/\/www.antikvariat-vodnik.si\/index.php?rest_route=\/wp\/v2\/product"}],"about":[{"href":"https:\/\/www.antikvariat-vodnik.si\/index.php?rest_route=\/wp\/v2\/types\/product"}],"wp:featuredmedia":[{"embeddable":true,"href":"https:\/\/www.antikvariat-vodnik.si\/index.php?rest_route=\/wp\/v2\/media\/9646"}],"wp:attachment":[{"href":"https:\/\/www.antikvariat-vodnik.si\/index.php?rest_route=%2Fwp%2Fv2%2Fmedia&parent=9645"}],"wp:term":[{"taxonomy":"product_brand","embeddable":true,"href":"https:\/\/www.antikvariat-vodnik.si\/index.php?rest_route=%2Fwp%2Fv2%2Fproduct_brand&post=9645"},{"taxonomy":"product_cat","embeddable":true,"href":"https:\/\/www.antikvariat-vodnik.si\/index.php?rest_route=%2Fwp%2Fv2%2Fproduct_cat&post=9645"},{"taxonomy":"product_tag","embeddable":true,"href":"https:\/\/www.antikvariat-vodnik.si\/index.php?rest_route=%2Fwp%2Fv2%2Fproduct_tag&post=9645"}],"curies":[{"name":"wp","href":"https:\/\/api.w.org\/{rel}","templated":true}]}}