{"id":9610,"date":"2021-04-12T12:38:23","date_gmt":"2021-04-12T10:38:23","guid":{"rendered":"https:\/\/www.antikvariat-vodnik.si\/?post_type=product&#038;p=9610"},"modified":"2026-03-31T15:14:05","modified_gmt":"2026-03-31T13:14:05","slug":"zajckova-hisica-anja-stefan","status":"publish","type":"product","link":"https:\/\/www.antikvariat-vodnik.si\/?product=zajckova-hisica-anja-stefan","title":{"rendered":"ZAJ\u010cKOVA HI\u0160ICA, Anja \u0160tefan"},"content":{"rendered":"<p>Zaj\u010dek je imel imenitno hi\u0161ico. Pri\u0161lo je do hudega neurja in ostal je brez strehe nad glavo. \u0160e sre\u010da, da v gozdu ni bil sam. Kdo vse mu bo prisko\u010dil na pomo\u010d? Kaj pa lisica?<\/p>\n<p>Odli\u010dna slikanica dveh izjemnih umetnic Anje \u0160tefan in Hane Stupica pripoveduje o prijateljstvu. Vsak od nas se kdaj znajde v stiski in kako dobro je, \u010de si pomagamo, ko je te\u017eko. S kak\u0161no naklonjenostjo, dobrosr\u010dnostjo ter odlo\u010dnostjo gozdne \u017eivali pomagajo zaj\u010dku, ki mu je nevihta zalila hi\u0161ico. Kak\u0161na skupnost, kak\u0161no veselje in kak\u0161na mo\u010d \u2026<\/p>\n","protected":false},"excerpt":{"rendered":"<p>Zaj\u010dek je imel imenitno hi\u0161ico. Pri\u0161lo je do hudega neurja in ostal je brez strehe nad glavo. \u0160e sre\u010da, da v gozdu ni bil sam. Kdo vse mu bo prisko\u010dil na pomo\u010d? Kaj pa lisica? Odli\u010dna slikanica dveh izjemnih umetnic Anje \u0160tefan in Hane Stupica pripoveduje o prijateljstvu. Vsak od nas se kdaj znajde v [&hellip;]<\/p>\n","protected":false},"featured_media":9611,"template":"","meta":{"_monsterinsights_skip_tracking":false,"_monsterinsights_sitenote_active":false,"_monsterinsights_sitenote_note":"","_monsterinsights_sitenote_category":0},"product_brand":[],"product_cat":[16,18,40],"product_tag":[],"class_list":{"0":"post-9610","1":"product","2":"type-product","3":"status-publish","4":"has-post-thumbnail","6":"product_cat-katalog-knjig","7":"product_cat-nove-knjige","8":"product_cat-otroska-mladinska-literatura","10":"first","11":"outofstock","12":"taxable","13":"shipping-taxable","14":"purchasable","15":"product-type-simple"},"jetpack_sharing_enabled":true,"_links":{"self":[{"href":"https:\/\/www.antikvariat-vodnik.si\/index.php?rest_route=\/wp\/v2\/product\/9610","targetHints":{"allow":["GET"]}}],"collection":[{"href":"https:\/\/www.antikvariat-vodnik.si\/index.php?rest_route=\/wp\/v2\/product"}],"about":[{"href":"https:\/\/www.antikvariat-vodnik.si\/index.php?rest_route=\/wp\/v2\/types\/product"}],"wp:featuredmedia":[{"embeddable":true,"href":"https:\/\/www.antikvariat-vodnik.si\/index.php?rest_route=\/wp\/v2\/media\/9611"}],"wp:attachment":[{"href":"https:\/\/www.antikvariat-vodnik.si\/index.php?rest_route=%2Fwp%2Fv2%2Fmedia&parent=9610"}],"wp:term":[{"taxonomy":"product_brand","embeddable":true,"href":"https:\/\/www.antikvariat-vodnik.si\/index.php?rest_route=%2Fwp%2Fv2%2Fproduct_brand&post=9610"},{"taxonomy":"product_cat","embeddable":true,"href":"https:\/\/www.antikvariat-vodnik.si\/index.php?rest_route=%2Fwp%2Fv2%2Fproduct_cat&post=9610"},{"taxonomy":"product_tag","embeddable":true,"href":"https:\/\/www.antikvariat-vodnik.si\/index.php?rest_route=%2Fwp%2Fv2%2Fproduct_tag&post=9610"}],"curies":[{"name":"wp","href":"https:\/\/api.w.org\/{rel}","templated":true}]}}