{"id":9604,"date":"2021-04-12T12:28:07","date_gmt":"2021-04-12T10:28:07","guid":{"rendered":"https:\/\/www.antikvariat-vodnik.si\/?post_type=product&#038;p=9604"},"modified":"2026-03-12T16:49:13","modified_gmt":"2026-03-12T15:49:13","slug":"ronja-razbojniska-hci-astrid-lindgren","status":"publish","type":"product","link":"https:\/\/www.antikvariat-vodnik.si\/?product=ronja-razbojniska-hci-astrid-lindgren","title":{"rendered":"RONJA, RAZBOJNI\u0160KA H\u010cI, Astrid Lindgren"},"content":{"rendered":"<p>\u00bb<em>Ne ustra\u0161i se, Birk!<\/em>\u00ab je rekla Ronja.<br \/>\n\u00bb<em>Zavriskala bom pomladi!<\/em>\u00ab<\/p>\n<p>Zgodba o Ronji se za\u010dne neke veli\u010dastne no\u010di v razbojni\u0161kem gradu sredi divjih gora in temnih gozdov.<\/p>\n<p>Optimisti\u010dna, topla pripoved o odra\u0161\u010dajo\u010di razbojni\u0161ki deklici, ki se sredi te \u010dudovito nevarne pokrajine spoprijatelji z vrstnikom Birkom iz sovra\u017ene razbojni\u0161ke tolpe, se je zelo priljubila tudi slovenskim bralcem. To je zgodba o svobodi, strpnosti in mo\u010dni ljubezni.<\/p>\n<p>Astrid Lindgren (1907-2002) sodi med najbolj\u0161e svetovne mladinske pisateljice. Njene knjige so prevedene v ve\u010d kot petdeset jezikov. Za svoje delo je prejela \u0161tevilne nagrade, med drugim tudi nagrado Hansa Christiana Andersena (1958). Knjiga Ronja, razbojni\u0161ka h\u010di je v \u0161ved\u0161\u010dini iz\u0161la leta 1981, v sloven\u0161\u010dini pa prvi\u010d \u017ee leta 1985. Za\u017eivela je tudi na filmskem platnu, na gledali\u0161kih in lutkovnih odrih, kot muzikal in animirani film.<\/p>\n","protected":false},"excerpt":{"rendered":"<p>\u00bbNe ustra\u0161i se, Birk!\u00ab je rekla Ronja. \u00bbZavriskala bom pomladi!\u00ab Zgodba o Ronji se za\u010dne neke veli\u010dastne no\u010di v razbojni\u0161kem gradu sredi divjih gora in temnih gozdov. Optimisti\u010dna, topla pripoved o odra\u0161\u010dajo\u010di razbojni\u0161ki deklici, ki se sredi te \u010dudovito nevarne pokrajine spoprijatelji z vrstnikom Birkom iz sovra\u017ene razbojni\u0161ke tolpe, se je zelo priljubila tudi slovenskim [&hellip;]<\/p>\n","protected":false},"featured_media":9605,"template":"","meta":{"_monsterinsights_skip_tracking":false,"_monsterinsights_sitenote_active":false,"_monsterinsights_sitenote_note":"","_monsterinsights_sitenote_category":0},"product_brand":[],"product_cat":[16,18,40],"product_tag":[],"class_list":{"0":"post-9604","1":"product","2":"type-product","3":"status-publish","4":"has-post-thumbnail","6":"product_cat-katalog-knjig","7":"product_cat-nove-knjige","8":"product_cat-otroska-mladinska-literatura","10":"first","11":"instock","12":"taxable","13":"shipping-taxable","14":"purchasable","15":"product-type-simple"},"jetpack_sharing_enabled":true,"_links":{"self":[{"href":"https:\/\/www.antikvariat-vodnik.si\/index.php?rest_route=\/wp\/v2\/product\/9604","targetHints":{"allow":["GET"]}}],"collection":[{"href":"https:\/\/www.antikvariat-vodnik.si\/index.php?rest_route=\/wp\/v2\/product"}],"about":[{"href":"https:\/\/www.antikvariat-vodnik.si\/index.php?rest_route=\/wp\/v2\/types\/product"}],"wp:featuredmedia":[{"embeddable":true,"href":"https:\/\/www.antikvariat-vodnik.si\/index.php?rest_route=\/wp\/v2\/media\/9605"}],"wp:attachment":[{"href":"https:\/\/www.antikvariat-vodnik.si\/index.php?rest_route=%2Fwp%2Fv2%2Fmedia&parent=9604"}],"wp:term":[{"taxonomy":"product_brand","embeddable":true,"href":"https:\/\/www.antikvariat-vodnik.si\/index.php?rest_route=%2Fwp%2Fv2%2Fproduct_brand&post=9604"},{"taxonomy":"product_cat","embeddable":true,"href":"https:\/\/www.antikvariat-vodnik.si\/index.php?rest_route=%2Fwp%2Fv2%2Fproduct_cat&post=9604"},{"taxonomy":"product_tag","embeddable":true,"href":"https:\/\/www.antikvariat-vodnik.si\/index.php?rest_route=%2Fwp%2Fv2%2Fproduct_tag&post=9604"}],"curies":[{"name":"wp","href":"https:\/\/api.w.org\/{rel}","templated":true}]}}