{"id":9602,"date":"2021-04-12T12:25:47","date_gmt":"2021-04-12T10:25:47","guid":{"rendered":"https:\/\/www.antikvariat-vodnik.si\/?post_type=product&#038;p=9602"},"modified":"2022-08-01T20:28:51","modified_gmt":"2022-08-01T18:28:51","slug":"rasla-je-jelka-najlepse-pesmi-s-podobami-jelke-reichman-2","status":"publish","type":"product","link":"https:\/\/www.antikvariat-vodnik.si\/?product=rasla-je-jelka-najlepse-pesmi-s-podobami-jelke-reichman-2","title":{"rendered":"RASLA JE JELKA, Najlep\u0161e pesmi s podobami Jelke Reichman"},"content":{"rendered":"<p>V\u00a0antologijo so uvr\u0161\u010dene samo pesmi priznanih slovenskih pesnikov in pesnic za otroke: Frana Levstika, Otona \u017dupan\u010di\u010da, Sre\u010dka Kosovela, Ljudmile Prunk &#8211; Utve, Mateja Bora, Iga Grudna, Kajetana Kovi\u010da, Daneta Zajca, Nika Grafenauerja, Miroslava Ko\u0161ute, Vojana T. Arharja, Janeza Bitenca, Anice \u010cernejeve, Toneta Pav\u010dka, Ne\u017ee Maurer, Bine \u0160tampe \u017dmavc, Anje \u0160tefan in drugih \u2026 pa tudi slovenske ljudske pesmi in ljudske pesmi drugih narodov.<\/p>\n<p>Knjigi, ki bo bogatila tako otroke kot odrasle, so dodani na koncu foto album o ilustratorkinem \u017eivljenju in delu, bibliografija pesni\u0161kih zbirk ter seznam izdanih knji\u017enih izdaj z ilustracijami Jelke Reichman.\u00a0Uvodno besedo je napisala Jelka Reichman.<\/p>\n","protected":false},"excerpt":{"rendered":"<p>V\u00a0antologijo so uvr\u0161\u010dene samo pesmi priznanih slovenskih pesnikov in pesnic za otroke: Frana Levstika, Otona \u017dupan\u010di\u010da, Sre\u010dka Kosovela, Ljudmile Prunk &#8211; Utve, Mateja Bora, Iga Grudna, Kajetana Kovi\u010da, Daneta Zajca, Nika Grafenauerja, Miroslava Ko\u0161ute, Vojana T. Arharja, Janeza Bitenca, Anice \u010cernejeve, Toneta Pav\u010dka, Ne\u017ee Maurer, Bine \u0160tampe \u017dmavc, Anje \u0160tefan in drugih \u2026 pa tudi [&hellip;]<\/p>\n","protected":false},"featured_media":9603,"template":"","meta":{"_monsterinsights_skip_tracking":false,"_monsterinsights_sitenote_active":false,"_monsterinsights_sitenote_note":"","_monsterinsights_sitenote_category":0},"product_brand":[],"product_cat":[16,18,40],"product_tag":[],"class_list":{"0":"post-9602","1":"product","2":"type-product","3":"status-publish","4":"has-post-thumbnail","6":"product_cat-katalog-knjig","7":"product_cat-nove-knjige","8":"product_cat-otroska-mladinska-literatura","10":"first","11":"instock","12":"taxable","13":"shipping-taxable","14":"purchasable","15":"product-type-simple"},"jetpack_sharing_enabled":true,"_links":{"self":[{"href":"https:\/\/www.antikvariat-vodnik.si\/index.php?rest_route=\/wp\/v2\/product\/9602","targetHints":{"allow":["GET"]}}],"collection":[{"href":"https:\/\/www.antikvariat-vodnik.si\/index.php?rest_route=\/wp\/v2\/product"}],"about":[{"href":"https:\/\/www.antikvariat-vodnik.si\/index.php?rest_route=\/wp\/v2\/types\/product"}],"wp:featuredmedia":[{"embeddable":true,"href":"https:\/\/www.antikvariat-vodnik.si\/index.php?rest_route=\/wp\/v2\/media\/9603"}],"wp:attachment":[{"href":"https:\/\/www.antikvariat-vodnik.si\/index.php?rest_route=%2Fwp%2Fv2%2Fmedia&parent=9602"}],"wp:term":[{"taxonomy":"product_brand","embeddable":true,"href":"https:\/\/www.antikvariat-vodnik.si\/index.php?rest_route=%2Fwp%2Fv2%2Fproduct_brand&post=9602"},{"taxonomy":"product_cat","embeddable":true,"href":"https:\/\/www.antikvariat-vodnik.si\/index.php?rest_route=%2Fwp%2Fv2%2Fproduct_cat&post=9602"},{"taxonomy":"product_tag","embeddable":true,"href":"https:\/\/www.antikvariat-vodnik.si\/index.php?rest_route=%2Fwp%2Fv2%2Fproduct_tag&post=9602"}],"curies":[{"name":"wp","href":"https:\/\/api.w.org\/{rel}","templated":true}]}}