{"id":9590,"date":"2021-04-12T12:07:37","date_gmt":"2021-04-12T10:07:37","guid":{"rendered":"https:\/\/www.antikvariat-vodnik.si\/?post_type=product&#038;p=9590"},"modified":"2021-04-12T12:08:13","modified_gmt":"2021-04-12T10:08:13","slug":"narava-v-kuhinji-alenka-in-lovro-rozman","status":"publish","type":"product","link":"https:\/\/www.antikvariat-vodnik.si\/?product=narava-v-kuhinji-alenka-in-lovro-rozman","title":{"rendered":"NARAVA V KUHINJI, Alenka in Lovro Rozman"},"content":{"rendered":"<p>Narava na kro\u017eniku? Zakaj pa ne! Rastlinsko bogastvo Slovenije je izjemno in divje rastline so od nekdaj del na\u0161e kulinarike. S knjigo Narava v kuhinji bodo slastni ko\u0161\u010dki narave na jedilniku prav vse leto, saj so okusni, zdravi in blizu, le nabrati jih je treba.<\/p>\n<p>Simpati\u010dni dnevni\u0161ki zapisi v knjigi vam bodo pomagali spremljati, kdaj raste katera \u00bbro\u017eica\u00ab, za kaj je dobra in kje jo najdete. V receptih pa izveste, kako si z njo popestrite jedilnik in pripravite na primer: ribone s potro\u0161nikom, ajdove \u0161truklje z vijolico in kokosove valentin\u010dke z jel\u0161o, namesto obi\u010dajne kave skuhate \u017eelodovo, iz \u0161ipka in vrbe pripravite liker \u2026 Tu se ustvarjanje \u0161e ne kon\u010da, divje rastline so lahko tudi del doma\u010de kozmetike.<\/p>\n<p><em>\u00bbTo je knjiga o naravi v na\u0161i kuhinji. Naj vam bo v navdih, da kak\u0161en ko\u0161\u010dek narave prinesete tudi v svojo.\u00ab\u00a0\u2013<\/em>\u00a0Alenka in Lovro Rozman<\/p>\n","protected":false},"excerpt":{"rendered":"<p>Narava na kro\u017eniku? Zakaj pa ne! Rastlinsko bogastvo Slovenije je izjemno in divje rastline so od nekdaj del na\u0161e kulinarike. S knjigo Narava v kuhinji bodo slastni ko\u0161\u010dki narave na jedilniku prav vse leto, saj so okusni, zdravi in blizu, le nabrati jih je treba. Simpati\u010dni dnevni\u0161ki zapisi v knjigi vam bodo pomagali spremljati, kdaj [&hellip;]<\/p>\n","protected":false},"featured_media":9591,"template":"","meta":{"_monsterinsights_skip_tracking":false,"_monsterinsights_sitenote_active":false,"_monsterinsights_sitenote_note":"","_monsterinsights_sitenote_category":0},"product_brand":[],"product_cat":[16,18,41],"product_tag":[],"class_list":{"0":"post-9590","1":"product","2":"type-product","3":"status-publish","4":"has-post-thumbnail","6":"product_cat-katalog-knjig","7":"product_cat-nove-knjige","8":"product_cat-zdravje-kulinarika","10":"first","11":"instock","12":"taxable","13":"shipping-taxable","14":"purchasable","15":"product-type-simple"},"jetpack_sharing_enabled":true,"_links":{"self":[{"href":"https:\/\/www.antikvariat-vodnik.si\/index.php?rest_route=\/wp\/v2\/product\/9590","targetHints":{"allow":["GET"]}}],"collection":[{"href":"https:\/\/www.antikvariat-vodnik.si\/index.php?rest_route=\/wp\/v2\/product"}],"about":[{"href":"https:\/\/www.antikvariat-vodnik.si\/index.php?rest_route=\/wp\/v2\/types\/product"}],"wp:featuredmedia":[{"embeddable":true,"href":"https:\/\/www.antikvariat-vodnik.si\/index.php?rest_route=\/wp\/v2\/media\/9591"}],"wp:attachment":[{"href":"https:\/\/www.antikvariat-vodnik.si\/index.php?rest_route=%2Fwp%2Fv2%2Fmedia&parent=9590"}],"wp:term":[{"taxonomy":"product_brand","embeddable":true,"href":"https:\/\/www.antikvariat-vodnik.si\/index.php?rest_route=%2Fwp%2Fv2%2Fproduct_brand&post=9590"},{"taxonomy":"product_cat","embeddable":true,"href":"https:\/\/www.antikvariat-vodnik.si\/index.php?rest_route=%2Fwp%2Fv2%2Fproduct_cat&post=9590"},{"taxonomy":"product_tag","embeddable":true,"href":"https:\/\/www.antikvariat-vodnik.si\/index.php?rest_route=%2Fwp%2Fv2%2Fproduct_tag&post=9590"}],"curies":[{"name":"wp","href":"https:\/\/api.w.org\/{rel}","templated":true}]}}