{"id":9578,"date":"2021-04-12T11:49:23","date_gmt":"2021-04-12T09:49:23","guid":{"rendered":"https:\/\/www.antikvariat-vodnik.si\/?post_type=product&#038;p=9578"},"modified":"2022-09-28T18:15:29","modified_gmt":"2022-09-28T16:15:29","slug":"lesniki-lesniki-anja-stefan","status":"publish","type":"product","link":"https:\/\/www.antikvariat-vodnik.si\/?product=lesniki-lesniki-anja-stefan","title":{"rendered":"LE\u0160NIKI, LE\u0160NIKI, Anja \u0160tefan"},"content":{"rendered":"<p>Priljubljena slikanica Anje \u0160tefan in Jelke Reichman Le\u0161niki, le\u0161niki je namenjena tudi za\u010detni\u0161kim bralcem, ki s pomo\u010djo sli\u010dic bogatijo svoj besedni zaklad in na privla\u010den na\u010din premagujejo bralne te\u017eave.<\/p>\n<p>Pomlad, Muca ho\u010de na izlet, Pla\u0161\u010dek in druge zgodbe so napisane v obliki slikopisa za prva branja. Avtorici sta tako ustvarili knjigo zgodb, namenjeno tudi za\u010detni\u0161kim bralcem, ki nekaj besed, zapisanih z veliki tiskanimi \u010drkami preberejo, nekaj pa jih \u00bbpogledajo\u00ab &#8230; V 19 zgodbah so opisane teme, ki so otrokom blizu: letni \u010dasi in igra, \u017eivali ..<\/p>\n<p>Ilustrirala Jelka Reichman.<\/p>\n","protected":false},"excerpt":{"rendered":"<p>Priljubljena slikanica Anje \u0160tefan in Jelke Reichman Le\u0161niki, le\u0161niki je namenjena tudi za\u010detni\u0161kim bralcem, ki s pomo\u010djo sli\u010dic bogatijo svoj besedni zaklad in na privla\u010den na\u010din premagujejo bralne te\u017eave. Pomlad, Muca ho\u010de na izlet, Pla\u0161\u010dek in druge zgodbe so napisane v obliki slikopisa za prva branja. Avtorici sta tako ustvarili knjigo zgodb, namenjeno tudi za\u010detni\u0161kim [&hellip;]<\/p>\n","protected":false},"featured_media":9579,"template":"","meta":{"_monsterinsights_skip_tracking":false,"_monsterinsights_sitenote_active":false,"_monsterinsights_sitenote_note":"","_monsterinsights_sitenote_category":0},"product_brand":[],"product_cat":[16,18,40],"product_tag":[],"class_list":{"0":"post-9578","1":"product","2":"type-product","3":"status-publish","4":"has-post-thumbnail","6":"product_cat-katalog-knjig","7":"product_cat-nove-knjige","8":"product_cat-otroska-mladinska-literatura","10":"first","11":"instock","12":"taxable","13":"shipping-taxable","14":"purchasable","15":"product-type-simple"},"jetpack_sharing_enabled":true,"_links":{"self":[{"href":"https:\/\/www.antikvariat-vodnik.si\/index.php?rest_route=\/wp\/v2\/product\/9578","targetHints":{"allow":["GET"]}}],"collection":[{"href":"https:\/\/www.antikvariat-vodnik.si\/index.php?rest_route=\/wp\/v2\/product"}],"about":[{"href":"https:\/\/www.antikvariat-vodnik.si\/index.php?rest_route=\/wp\/v2\/types\/product"}],"wp:featuredmedia":[{"embeddable":true,"href":"https:\/\/www.antikvariat-vodnik.si\/index.php?rest_route=\/wp\/v2\/media\/9579"}],"wp:attachment":[{"href":"https:\/\/www.antikvariat-vodnik.si\/index.php?rest_route=%2Fwp%2Fv2%2Fmedia&parent=9578"}],"wp:term":[{"taxonomy":"product_brand","embeddable":true,"href":"https:\/\/www.antikvariat-vodnik.si\/index.php?rest_route=%2Fwp%2Fv2%2Fproduct_brand&post=9578"},{"taxonomy":"product_cat","embeddable":true,"href":"https:\/\/www.antikvariat-vodnik.si\/index.php?rest_route=%2Fwp%2Fv2%2Fproduct_cat&post=9578"},{"taxonomy":"product_tag","embeddable":true,"href":"https:\/\/www.antikvariat-vodnik.si\/index.php?rest_route=%2Fwp%2Fv2%2Fproduct_tag&post=9578"}],"curies":[{"name":"wp","href":"https:\/\/api.w.org\/{rel}","templated":true}]}}