{"id":9576,"date":"2021-04-12T11:47:12","date_gmt":"2021-04-12T09:47:12","guid":{"rendered":"https:\/\/www.antikvariat-vodnik.si\/?post_type=product&#038;p=9576"},"modified":"2022-10-07T14:43:20","modified_gmt":"2022-10-07T12:43:20","slug":"krojacek-hlacek-leopold-suhodolcan","status":"publish","type":"product","link":"https:\/\/www.antikvariat-vodnik.si\/?product=krojacek-hlacek-leopold-suhodolcan","title":{"rendered":"KROJA\u010cEK HLA\u010cEK, Leopold Suhodol\u010dan"},"content":{"rendered":"<p>Le kdo ne pozna prijaznega mo\u017ei\u010dka Kroja\u010dka Hla\u010dka? Kroja\u010dek Hla\u010dek zna vsem pomagati. S \u0161ivanko, sukancem in gumbi pri\u010dara vse, kar si \u017eelimo. Pojdimo v pravljice, pojdimo na potep z gumbi \u2013 v de\u017eelo domi\u0161ljijskih iger.<\/p>\n<p>Pisatelj\u00a0<strong>Leopold Suhodol\u010dan<\/strong>\u00a0je napisal mnogo zgodb, ki spadajo med klasiko slovenske knji\u017eevnosti za otroke. Samo pomislimo na knjige\u00a0<em>Peter Nos je vsemu kos, Piko Dinozaver, Cepecepetav\u010dek, Velikan in Pajac, Levi in desni klovn, De\u010dek na \u010drnem konju<\/em>\u00a0\u2026 Sodobne pravljice o kroja\u010dku Hla\u010dku in podobe Marlenke Stupica so zaznamovale sleherno otro\u0161tvo na Slovenskem. Slikanica Kroja\u010dek Hla\u010dek je prvi\u010d iz\u0161la leta 1970.<\/p>\n","protected":false},"excerpt":{"rendered":"<p>Le kdo ne pozna prijaznega mo\u017ei\u010dka Kroja\u010dka Hla\u010dka? Kroja\u010dek Hla\u010dek zna vsem pomagati. S \u0161ivanko, sukancem in gumbi pri\u010dara vse, kar si \u017eelimo. Pojdimo v pravljice, pojdimo na potep z gumbi \u2013 v de\u017eelo domi\u0161ljijskih iger. Pisatelj\u00a0Leopold Suhodol\u010dan\u00a0je napisal mnogo zgodb, ki spadajo med klasiko slovenske knji\u017eevnosti za otroke. Samo pomislimo na knjige\u00a0Peter Nos je [&hellip;]<\/p>\n","protected":false},"featured_media":9577,"template":"","meta":{"_monsterinsights_skip_tracking":false,"_monsterinsights_sitenote_active":false,"_monsterinsights_sitenote_note":"","_monsterinsights_sitenote_category":0},"product_brand":[],"product_cat":[16,18,40],"product_tag":[],"class_list":{"0":"post-9576","1":"product","2":"type-product","3":"status-publish","4":"has-post-thumbnail","6":"product_cat-katalog-knjig","7":"product_cat-nove-knjige","8":"product_cat-otroska-mladinska-literatura","10":"first","11":"instock","12":"taxable","13":"shipping-taxable","14":"purchasable","15":"product-type-simple"},"jetpack_sharing_enabled":true,"_links":{"self":[{"href":"https:\/\/www.antikvariat-vodnik.si\/index.php?rest_route=\/wp\/v2\/product\/9576","targetHints":{"allow":["GET"]}}],"collection":[{"href":"https:\/\/www.antikvariat-vodnik.si\/index.php?rest_route=\/wp\/v2\/product"}],"about":[{"href":"https:\/\/www.antikvariat-vodnik.si\/index.php?rest_route=\/wp\/v2\/types\/product"}],"wp:featuredmedia":[{"embeddable":true,"href":"https:\/\/www.antikvariat-vodnik.si\/index.php?rest_route=\/wp\/v2\/media\/9577"}],"wp:attachment":[{"href":"https:\/\/www.antikvariat-vodnik.si\/index.php?rest_route=%2Fwp%2Fv2%2Fmedia&parent=9576"}],"wp:term":[{"taxonomy":"product_brand","embeddable":true,"href":"https:\/\/www.antikvariat-vodnik.si\/index.php?rest_route=%2Fwp%2Fv2%2Fproduct_brand&post=9576"},{"taxonomy":"product_cat","embeddable":true,"href":"https:\/\/www.antikvariat-vodnik.si\/index.php?rest_route=%2Fwp%2Fv2%2Fproduct_cat&post=9576"},{"taxonomy":"product_tag","embeddable":true,"href":"https:\/\/www.antikvariat-vodnik.si\/index.php?rest_route=%2Fwp%2Fv2%2Fproduct_tag&post=9576"}],"curies":[{"name":"wp","href":"https:\/\/api.w.org\/{rel}","templated":true}]}}