{"id":9572,"date":"2021-04-12T11:37:09","date_gmt":"2021-04-12T09:37:09","guid":{"rendered":"https:\/\/www.antikvariat-vodnik.si\/?post_type=product&#038;p=9572"},"modified":"2024-11-18T15:06:02","modified_gmt":"2024-11-18T14:06:02","slug":"harry-potter-in-otrok-prekletstva-8-zgodba-j-k-rowling","status":"publish","type":"product","link":"https:\/\/www.antikvariat-vodnik.si\/?product=harry-potter-in-otrok-prekletstva-8-zgodba-j-k-rowling","title":{"rendered":"Harry Potter in otrok prekletstva (8 zgodba), J. K. Rowling"},"content":{"rendered":"<p>Danes, 19 let kasneje, je Harry Potter zaposlen na Ministrstvu za \u010daranje, poro\u010den z Ginny in o\u010de treh \u0161oloobveznih otrok.<\/p>\n<p>Glavnina dogajanja v knjigi pa se tokrat ne odvija okoli njega, temve\u010d okoli njegovega\u00a0 najmlaj\u0161ega sina Albusa, ki se mora spopasti s te\u017eo dru\u017einske, predvsem o\u010detove,\u00a0 zapu\u0161\u010dine. Lahko stopi v njegove \u010devlje in \u2013 \u0161e pomembneje \u2013 si to sploh \u017eeli?<\/p>\n<p>Besedilo temelji na novi izvirni zgodbi J. K. Rowling, Johna Tiffanyja in Jacka Thorna. Harry Potter in otrok prekletstva je gledali\u0161ka predstava Jacka Thorna. Je osma knjiga v seriji Harryja Potterja in prva zgodba, ki je za\u017eivela na gledali\u0161kih odrih. Posebna izdaja delovne verzije scenarija, takoj po svetovni premieri igre na West Endu julija 2016 vsem bralcem prina\u0161a nadaljevanje zgodbe o Harry Potterju, njegovih prijateljih in dru\u017eini.<\/p>\n<p>Razburljivo branje za vse obo\u017eevalce serije Harry Potter in tiste, ki boste to \u0161ele postali!<\/p>\n","protected":false},"excerpt":{"rendered":"<p>Danes, 19 let kasneje, je Harry Potter zaposlen na Ministrstvu za \u010daranje, poro\u010den z Ginny in o\u010de treh \u0161oloobveznih otrok. Glavnina dogajanja v knjigi pa se tokrat ne odvija okoli njega, temve\u010d okoli njegovega\u00a0 najmlaj\u0161ega sina Albusa, ki se mora spopasti s te\u017eo dru\u017einske, predvsem o\u010detove,\u00a0 zapu\u0161\u010dine. Lahko stopi v njegove \u010devlje in \u2013 \u0161e [&hellip;]<\/p>\n","protected":false},"featured_media":9573,"template":"","meta":{"_monsterinsights_skip_tracking":false,"_monsterinsights_sitenote_active":false,"_monsterinsights_sitenote_note":"","_monsterinsights_sitenote_category":0},"product_brand":[],"product_cat":[36,18,40],"product_tag":[],"class_list":{"0":"post-9572","1":"product","2":"type-product","3":"status-publish","4":"has-post-thumbnail","6":"product_cat-leposlovje-nove-knjige","7":"product_cat-nove-knjige","8":"product_cat-otroska-mladinska-literatura","10":"first","11":"instock","12":"taxable","13":"shipping-taxable","14":"purchasable","15":"product-type-simple"},"jetpack_sharing_enabled":true,"_links":{"self":[{"href":"https:\/\/www.antikvariat-vodnik.si\/index.php?rest_route=\/wp\/v2\/product\/9572","targetHints":{"allow":["GET"]}}],"collection":[{"href":"https:\/\/www.antikvariat-vodnik.si\/index.php?rest_route=\/wp\/v2\/product"}],"about":[{"href":"https:\/\/www.antikvariat-vodnik.si\/index.php?rest_route=\/wp\/v2\/types\/product"}],"wp:featuredmedia":[{"embeddable":true,"href":"https:\/\/www.antikvariat-vodnik.si\/index.php?rest_route=\/wp\/v2\/media\/9573"}],"wp:attachment":[{"href":"https:\/\/www.antikvariat-vodnik.si\/index.php?rest_route=%2Fwp%2Fv2%2Fmedia&parent=9572"}],"wp:term":[{"taxonomy":"product_brand","embeddable":true,"href":"https:\/\/www.antikvariat-vodnik.si\/index.php?rest_route=%2Fwp%2Fv2%2Fproduct_brand&post=9572"},{"taxonomy":"product_cat","embeddable":true,"href":"https:\/\/www.antikvariat-vodnik.si\/index.php?rest_route=%2Fwp%2Fv2%2Fproduct_cat&post=9572"},{"taxonomy":"product_tag","embeddable":true,"href":"https:\/\/www.antikvariat-vodnik.si\/index.php?rest_route=%2Fwp%2Fv2%2Fproduct_tag&post=9572"}],"curies":[{"name":"wp","href":"https:\/\/api.w.org\/{rel}","templated":true}]}}