{"id":9561,"date":"2021-04-09T16:57:06","date_gmt":"2021-04-09T14:57:06","guid":{"rendered":"https:\/\/www.antikvariat-vodnik.si\/?post_type=product&#038;p=9561"},"modified":"2025-07-21T23:28:34","modified_gmt":"2025-07-21T21:28:34","slug":"ljubljanski-grad-krona-slovenske-prestolnice-marko-brunskole","status":"publish","type":"product","link":"https:\/\/www.antikvariat-vodnik.si\/?product=ljubljanski-grad-krona-slovenske-prestolnice-marko-brunskole","title":{"rendered":"LJUBLJANSKI GRAD, KRONA SLOVENSKE PRESTOLNICE, Marko Brunskole"},"content":{"rendered":"<p>Zgodovina Grajskega gri\u010da, kjer danes stoji mogo\u010dni Ljubljanski grad, sega dale\u010d v prazgodovino. Vodnik vsebuje pregleden sprehod v zgodovino pa vse do dana\u0161njega \u010dasa. Odli\u010dni opisi in fotografije ter ilustrirane legende iz posameznega obdobja vam bodo do zadnjega koti\u010dka osvetlili slikovito mestno znamenitost. Zanimivo in pou\u010dno branje o Ljubljanskem gradu!<\/p>\n","protected":false},"excerpt":{"rendered":"<p>Zgodovina Grajskega gri\u010da, kjer danes stoji mogo\u010dni Ljubljanski grad, sega dale\u010d v prazgodovino. Vodnik vsebuje pregleden sprehod v zgodovino pa vse do dana\u0161njega \u010dasa. Odli\u010dni opisi in fotografije ter ilustrirane legende iz posameznega obdobja vam bodo do zadnjega koti\u010dka osvetlili slikovito mestno znamenitost. Zanimivo in pou\u010dno branje o Ljubljanskem gradu!<\/p>\n","protected":false},"featured_media":9562,"template":"","meta":{"_monsterinsights_skip_tracking":false,"_monsterinsights_sitenote_active":false,"_monsterinsights_sitenote_note":"","_monsterinsights_sitenote_category":0},"product_brand":[],"product_cat":[93,18,39,38],"product_tag":[],"class_list":{"0":"post-9561","1":"product","2":"type-product","3":"status-publish","4":"has-post-thumbnail","6":"product_cat-kultura","7":"product_cat-nove-knjige","8":"product_cat-turizem","9":"product_cat-zgodovina","11":"first","12":"instock","13":"taxable","14":"shipping-taxable","15":"purchasable","16":"product-type-simple"},"jetpack_sharing_enabled":true,"_links":{"self":[{"href":"https:\/\/www.antikvariat-vodnik.si\/index.php?rest_route=\/wp\/v2\/product\/9561","targetHints":{"allow":["GET"]}}],"collection":[{"href":"https:\/\/www.antikvariat-vodnik.si\/index.php?rest_route=\/wp\/v2\/product"}],"about":[{"href":"https:\/\/www.antikvariat-vodnik.si\/index.php?rest_route=\/wp\/v2\/types\/product"}],"wp:featuredmedia":[{"embeddable":true,"href":"https:\/\/www.antikvariat-vodnik.si\/index.php?rest_route=\/wp\/v2\/media\/9562"}],"wp:attachment":[{"href":"https:\/\/www.antikvariat-vodnik.si\/index.php?rest_route=%2Fwp%2Fv2%2Fmedia&parent=9561"}],"wp:term":[{"taxonomy":"product_brand","embeddable":true,"href":"https:\/\/www.antikvariat-vodnik.si\/index.php?rest_route=%2Fwp%2Fv2%2Fproduct_brand&post=9561"},{"taxonomy":"product_cat","embeddable":true,"href":"https:\/\/www.antikvariat-vodnik.si\/index.php?rest_route=%2Fwp%2Fv2%2Fproduct_cat&post=9561"},{"taxonomy":"product_tag","embeddable":true,"href":"https:\/\/www.antikvariat-vodnik.si\/index.php?rest_route=%2Fwp%2Fv2%2Fproduct_tag&post=9561"}],"curies":[{"name":"wp","href":"https:\/\/api.w.org\/{rel}","templated":true}]}}