{"id":9558,"date":"2021-04-09T16:54:06","date_gmt":"2021-04-09T14:54:06","guid":{"rendered":"https:\/\/www.antikvariat-vodnik.si\/?post_type=product&#038;p=9558"},"modified":"2021-04-09T16:55:06","modified_gmt":"2021-04-09T14:55:06","slug":"jedi-casov-cas-jedi-janez-bogataj","status":"publish","type":"product","link":"https:\/\/www.antikvariat-vodnik.si\/?product=jedi-casov-cas-jedi-janez-bogataj","title":{"rendered":"JEDI \u010cASOV &#8211; \u010cAS JEDI, Janez Bogataj"},"content":{"rendered":"<p>Avtorji besedil receptov: Janez Bogataj Igor Jagodic (Restavracija Strelec in Grajska vinoteka Strelec) Luka Jezer\u0161ek in Ana \u0160u\u0161ter\u0161i\u010d (Gostilna na Gradu in Grajska kavarna)<br \/>\nFotografije jedi in naslovnice: Tomo Jeseni\u010dnik<\/p>\n<p>Vstopite v \u010dasovni stroj in odpotujte skozi \u0161est prelomnih obdobij, ki so zaznamovala zgodovino Ljubljanskega gradu in razvoj na\u0161ega mesta, tokrat na podro\u010dju kulinarike. Ob tem pa spoznajte \u0161e kulinariko dana\u0161njih dni, tipi\u010dne slovenske jedi v sodobni izvedbi po navdihu kulinari\u010dnih \u0161efov, ki razvajajo brbon\u010dice gostov Ljubljanskega gradu. Da bi bila kulinari\u010dna izku\u0161nja celovita, posamezno jed pospremi predlagana vinska spremljava.<\/p>\n<p>Ljubljana, Ljubljanski grad in kulinarika. Skupna miza \u017ee stoletja! Zato: dober tek in na zdravje!<\/p>\n","protected":false},"excerpt":{"rendered":"<p>Avtorji besedil receptov: Janez Bogataj Igor Jagodic (Restavracija Strelec in Grajska vinoteka Strelec) Luka Jezer\u0161ek in Ana \u0160u\u0161ter\u0161i\u010d (Gostilna na Gradu in Grajska kavarna) Fotografije jedi in naslovnice: Tomo Jeseni\u010dnik Vstopite v \u010dasovni stroj in odpotujte skozi \u0161est prelomnih obdobij, ki so zaznamovala zgodovino Ljubljanskega gradu in razvoj na\u0161ega mesta, tokrat na podro\u010dju kulinarike. Ob [&hellip;]<\/p>\n","protected":false},"featured_media":9559,"template":"","meta":{"_monsterinsights_skip_tracking":false,"_monsterinsights_sitenote_active":false,"_monsterinsights_sitenote_note":"","_monsterinsights_sitenote_category":0},"product_brand":[],"product_cat":[18,41],"product_tag":[],"class_list":{"0":"post-9558","1":"product","2":"type-product","3":"status-publish","4":"has-post-thumbnail","6":"product_cat-nove-knjige","7":"product_cat-zdravje-kulinarika","9":"first","10":"instock","11":"taxable","12":"shipping-taxable","13":"purchasable","14":"product-type-simple"},"jetpack_sharing_enabled":true,"_links":{"self":[{"href":"https:\/\/www.antikvariat-vodnik.si\/index.php?rest_route=\/wp\/v2\/product\/9558","targetHints":{"allow":["GET"]}}],"collection":[{"href":"https:\/\/www.antikvariat-vodnik.si\/index.php?rest_route=\/wp\/v2\/product"}],"about":[{"href":"https:\/\/www.antikvariat-vodnik.si\/index.php?rest_route=\/wp\/v2\/types\/product"}],"wp:featuredmedia":[{"embeddable":true,"href":"https:\/\/www.antikvariat-vodnik.si\/index.php?rest_route=\/wp\/v2\/media\/9559"}],"wp:attachment":[{"href":"https:\/\/www.antikvariat-vodnik.si\/index.php?rest_route=%2Fwp%2Fv2%2Fmedia&parent=9558"}],"wp:term":[{"taxonomy":"product_brand","embeddable":true,"href":"https:\/\/www.antikvariat-vodnik.si\/index.php?rest_route=%2Fwp%2Fv2%2Fproduct_brand&post=9558"},{"taxonomy":"product_cat","embeddable":true,"href":"https:\/\/www.antikvariat-vodnik.si\/index.php?rest_route=%2Fwp%2Fv2%2Fproduct_cat&post=9558"},{"taxonomy":"product_tag","embeddable":true,"href":"https:\/\/www.antikvariat-vodnik.si\/index.php?rest_route=%2Fwp%2Fv2%2Fproduct_tag&post=9558"}],"curies":[{"name":"wp","href":"https:\/\/api.w.org\/{rel}","templated":true}]}}