{"id":9548,"date":"2021-04-09T16:32:24","date_gmt":"2021-04-09T14:32:24","guid":{"rendered":"https:\/\/www.antikvariat-vodnik.si\/?post_type=product&#038;p=9548"},"modified":"2026-04-06T14:06:00","modified_gmt":"2026-04-06T12:06:00","slug":"cucina-slovena-selezioni-di-100-ricette-classiche","status":"publish","type":"product","link":"https:\/\/www.antikvariat-vodnik.si\/?product=cucina-slovena-selezioni-di-100-ricette-classiche","title":{"rendered":"CUCINA SLOVENA: SELEZIONI DI 100 RICETTE CLASSICHE, Jo\u017ee Piano"},"content":{"rendered":"<div>Mehka vezava, 160 strani<\/div>\n<div><\/div>\n<div class=\"zamik\">V knjigi, ki je napisana v italijanskem jeziku, lahko najdete 100 klasi\u010dnih receptov slovenske kuhinje.<\/div>\n<div class=\"zamik\">Izbrali smo najbolj tipi\u010dne jedi, med njimi:<\/p>\n<ul>\n<li>govejo juho,<\/li>\n<li>pra\u017een krompir, idrijske \u017elikrofe,<\/li>\n<li>ajdove \u017egance,<\/li>\n<li>\u0161truklje in blejsko krem\u0161nito.<\/li>\n<\/ul>\n<p>Nismo pa pozabili niti na uvo\u017eene jedi, v katerih Slovenci \u0161e posebej u\u017eivamo, npr. srbski pasulj, \u010devap\u010di\u010di, pica.<\/p>\n<p>Do sestavin, ki jih navajamo v kuharici, je mogo\u010de dostopati kjer koli na svetu.<\/p>\n<p>Recepti so pospremljeni z razli\u010dnimi zanimivostmi, ki bi utegnile zanimati tujca, in z estetskimi fotografijami, ob katerih se kar takoj pocedijo sline.<\/p><\/div>\n","protected":false},"excerpt":{"rendered":"<p>Mehka vezava, 160 strani V knjigi, ki je napisana v italijanskem jeziku, lahko najdete 100 klasi\u010dnih receptov slovenske kuhinje. Izbrali smo najbolj tipi\u010dne jedi, med njimi: govejo juho, pra\u017een krompir, idrijske \u017elikrofe, ajdove \u017egance, \u0161truklje in blejsko krem\u0161nito. Nismo pa pozabili niti na uvo\u017eene jedi, v katerih Slovenci \u0161e posebej u\u017eivamo, npr. srbski pasulj, \u010devap\u010di\u010di, [&hellip;]<\/p>\n","protected":false},"featured_media":9549,"template":"","meta":{"_monsterinsights_skip_tracking":false,"_monsterinsights_sitenote_active":false,"_monsterinsights_sitenote_note":"","_monsterinsights_sitenote_category":0},"product_brand":[],"product_cat":[18,41],"product_tag":[],"class_list":{"0":"post-9548","1":"product","2":"type-product","3":"status-publish","4":"has-post-thumbnail","6":"product_cat-nove-knjige","7":"product_cat-zdravje-kulinarika","9":"first","10":"instock","11":"taxable","12":"shipping-taxable","13":"purchasable","14":"product-type-simple"},"jetpack_sharing_enabled":true,"_links":{"self":[{"href":"https:\/\/www.antikvariat-vodnik.si\/index.php?rest_route=\/wp\/v2\/product\/9548","targetHints":{"allow":["GET"]}}],"collection":[{"href":"https:\/\/www.antikvariat-vodnik.si\/index.php?rest_route=\/wp\/v2\/product"}],"about":[{"href":"https:\/\/www.antikvariat-vodnik.si\/index.php?rest_route=\/wp\/v2\/types\/product"}],"wp:featuredmedia":[{"embeddable":true,"href":"https:\/\/www.antikvariat-vodnik.si\/index.php?rest_route=\/wp\/v2\/media\/9549"}],"wp:attachment":[{"href":"https:\/\/www.antikvariat-vodnik.si\/index.php?rest_route=%2Fwp%2Fv2%2Fmedia&parent=9548"}],"wp:term":[{"taxonomy":"product_brand","embeddable":true,"href":"https:\/\/www.antikvariat-vodnik.si\/index.php?rest_route=%2Fwp%2Fv2%2Fproduct_brand&post=9548"},{"taxonomy":"product_cat","embeddable":true,"href":"https:\/\/www.antikvariat-vodnik.si\/index.php?rest_route=%2Fwp%2Fv2%2Fproduct_cat&post=9548"},{"taxonomy":"product_tag","embeddable":true,"href":"https:\/\/www.antikvariat-vodnik.si\/index.php?rest_route=%2Fwp%2Fv2%2Fproduct_tag&post=9548"}],"curies":[{"name":"wp","href":"https:\/\/api.w.org\/{rel}","templated":true}]}}