{"id":9530,"date":"2021-04-09T15:18:18","date_gmt":"2021-04-09T13:18:18","guid":{"rendered":"https:\/\/www.antikvariat-vodnik.si\/?post_type=product&#038;p=9530"},"modified":"2025-12-28T11:47:25","modified_gmt":"2025-12-28T10:47:25","slug":"skodelica-kave-ivan-cankar","status":"publish","type":"product","link":"https:\/\/www.antikvariat-vodnik.si\/?product=skodelica-kave-ivan-cankar","title":{"rendered":"SKODELICA KAVE, Ivan Cankar"},"content":{"rendered":"<p>V nekem obdobju svojega \u017eivljenja se je Cankar za kraj\u0161i \u010das preselil domov in je na podstre\u0161ju mra\u010dne volje pisal svoje prve ljubezenske zgodbe. Kljub rev\u0161\u010dini in splo\u0161nemu pomanjkanju si je za\u017eelel kave. Mati mu je \u017eeljo uresni\u010dila. Kavo mu je prinesla na podstre\u0161je, a jo je Cankar, v svojem \u010demernem razpolo\u017eenju, osorno odpravil z besedami, naj ga pusti na miru. Roka, v kateri mu je prina\u0161ala kavo, se ji je zatresla, rekla pa mu ni ni\u010desar. Mnogo let pozneje, ob neki drugi prilo\u017enosti, ko mu je tuja \u017eenska prinesla kavo, se je Cankar zavedel mo\u010dne bole\u010dine in krivde, ker je materi storil tako krivico \u2013 ki pa je ni bilo mogo\u010de ve\u010d popraviti.<\/p>\n<p><strong>O delu<\/strong><\/p>\n<p>Cankarjeva mojstrska \u010drtica je tokrat predstavljena kot naslovni\u0161ko odprta knjiga z ilustracijami, namenjena vsem generacijam. Izvirno Cankarjevo besedilo spremljajo ilustracije kriti\u0161ko nagrajenega ilustratorja Petra \u0160kerla, sporo\u010dilna vrednost Cankarjevega besedila je za\u017earela v novi in osve\u017eeni podobi ter se bo s tem priljubila novim generacijam.<\/p>\n<p>Besedilo in ilustracije pospremi razmi\u0161ljanje dr. Dragice Haramija in dr. Janje Bati\u010d, ki pojasnita vlogo ilustracije pri interpretaciji literarnega dela ter opozorita na pripovedno vrednost likovne komponente dela. S tem je v fokus postavljena moderna reinterpretacija \u010drtice, in ne kriti\u0161ki odzivi in interpretacije avtorjevega \u017eivljenja in dela, ki jih je na trgu precej.<\/p>\n<p>Besedilo vsebuje tudi angle\u0161ki prevod, kar knjigo naredi zanimivo tudi za tuji trg in neslovensko bralsko ob\u010dinstvo.<\/p>\n<p>Slikanica je dobila nagrado Kristine Brenkove 2018 za najbolj\u0161o izvirno slovensko slikanico.<\/p>\n<p>trda vezava, 44 strani<\/p>\n","protected":false},"excerpt":{"rendered":"<p>V nekem obdobju svojega \u017eivljenja se je Cankar za kraj\u0161i \u010das preselil domov in je na podstre\u0161ju mra\u010dne volje pisal svoje prve ljubezenske zgodbe. Kljub rev\u0161\u010dini in splo\u0161nemu pomanjkanju si je za\u017eelel kave. Mati mu je \u017eeljo uresni\u010dila. Kavo mu je prinesla na podstre\u0161je, a jo je Cankar, v svojem \u010demernem razpolo\u017eenju, osorno odpravil z [&hellip;]<\/p>\n","protected":false},"featured_media":9531,"template":"","meta":{"_monsterinsights_skip_tracking":false,"_monsterinsights_sitenote_active":false,"_monsterinsights_sitenote_note":"","_monsterinsights_sitenote_category":0},"product_brand":[],"product_cat":[36,18,40],"product_tag":[],"class_list":{"0":"post-9530","1":"product","2":"type-product","3":"status-publish","4":"has-post-thumbnail","6":"product_cat-leposlovje-nove-knjige","7":"product_cat-nove-knjige","8":"product_cat-otroska-mladinska-literatura","10":"first","11":"instock","12":"taxable","13":"shipping-taxable","14":"purchasable","15":"product-type-simple"},"jetpack_sharing_enabled":true,"_links":{"self":[{"href":"https:\/\/www.antikvariat-vodnik.si\/index.php?rest_route=\/wp\/v2\/product\/9530","targetHints":{"allow":["GET"]}}],"collection":[{"href":"https:\/\/www.antikvariat-vodnik.si\/index.php?rest_route=\/wp\/v2\/product"}],"about":[{"href":"https:\/\/www.antikvariat-vodnik.si\/index.php?rest_route=\/wp\/v2\/types\/product"}],"wp:featuredmedia":[{"embeddable":true,"href":"https:\/\/www.antikvariat-vodnik.si\/index.php?rest_route=\/wp\/v2\/media\/9531"}],"wp:attachment":[{"href":"https:\/\/www.antikvariat-vodnik.si\/index.php?rest_route=%2Fwp%2Fv2%2Fmedia&parent=9530"}],"wp:term":[{"taxonomy":"product_brand","embeddable":true,"href":"https:\/\/www.antikvariat-vodnik.si\/index.php?rest_route=%2Fwp%2Fv2%2Fproduct_brand&post=9530"},{"taxonomy":"product_cat","embeddable":true,"href":"https:\/\/www.antikvariat-vodnik.si\/index.php?rest_route=%2Fwp%2Fv2%2Fproduct_cat&post=9530"},{"taxonomy":"product_tag","embeddable":true,"href":"https:\/\/www.antikvariat-vodnik.si\/index.php?rest_route=%2Fwp%2Fv2%2Fproduct_tag&post=9530"}],"curies":[{"name":"wp","href":"https:\/\/api.w.org\/{rel}","templated":true}]}}