{"id":9518,"date":"2021-04-09T15:03:56","date_gmt":"2021-04-09T13:03:56","guid":{"rendered":"https:\/\/www.antikvariat-vodnik.si\/?post_type=product&#038;p=9518"},"modified":"2025-12-09T16:24:38","modified_gmt":"2025-12-09T15:24:38","slug":"majhnice-in-majnice-pesmi-mnogih-let-za-mnoge-bralce","status":"publish","type":"product","link":"https:\/\/www.antikvariat-vodnik.si\/?product=majhnice-in-majnice-pesmi-mnogih-let-za-mnoge-bralce","title":{"rendered":"MAJHNICE IN MAJNICE: PESMI MNOGIH LET ZA MNOGE BRALCE"},"content":{"rendered":"<p><em>\u010castna lista IBBY 2010 za ilustracijo Damijanu Stepan\u010di\u010du<\/em><\/p>\n<p>Majhnice in majnice: pesmi mnogih let za mnoge bralce\/Budding songs, maying songs: poems of many years for many readers<\/p>\n<p>Tone Pav\u010dek je v svojo novo dvojezi\u010dno pesni\u0161ko zbirko zbral nekaj svojih starih in nekaj novih pesmi. V njej bodo zagotovo na\u0161li marsikaj po svojem okusu tako najmlaj\u0161i kot tudi (starej\u0161a) mladina; prve bo br\u017ekone o\u010darala Pav\u010dkova zna\u010dilna hudomu\u0161nost, druge ob\u010dutek za sodoben utrip mladih, spet tretje bo nemara pritegnil skoraj eksoti\u010dni pridih staro\u017eitnosti ali pesnikova lirizem in vitalizem. Mlade bralce Pav\u010dek med pesmi pospremi z izjemno simpati\u010dnim uvodom (O sebi iz prve roke), v katerem zari\u0161e svojo pestro zasebno, slu\u017ebeno in pesni\u0161ko pot. Pesmi, ki so razdeljene v devet tematskih sklopov, spremljajo ilustracije vselej izvirnega Damijana Stepan\u010di\u010da, ki se je s Pav\u010dkom spopadel prvi\u010d in odli\u010dno.<\/p>\n<p>S pesnikovimi verzi za mladino pa so se tokrat spopadli tudi prevajalci (v angle\u0161\u010dino), ki so s skrbnostjo in spretnostjo poskrbeli, da se bodo s pesni\u0161kim glasom starej\u0161e generacije, ki je v mnogih letih delovanja ustvaril prepoznaven opus (tudi) na podro\u010dju doma\u010de otro\u0161ke in mladinske poezije, lahko seznanili tudi ljubitelji in poznavalci, ki ne obvladajo sloven\u0161\u010dine in samo zato Pav\u010dka \u0161e niso ozavestili kot pomembnega in priljubljenega avtorja slovenske mladinske knji\u017eevnosti.<\/p>\n<p>Knjiga je prejela znak za kakovost otro\u0161kih in mladinskih knjig ZLATA HRU\u0160KA.<\/p>\n<p>mehka vezava, 243 strani<\/p>\n","protected":false},"excerpt":{"rendered":"<p>\u010castna lista IBBY 2010 za ilustracijo Damijanu Stepan\u010di\u010du Majhnice in majnice: pesmi mnogih let za mnoge bralce\/Budding songs, maying songs: poems of many years for many readers Tone Pav\u010dek je v svojo novo dvojezi\u010dno pesni\u0161ko zbirko zbral nekaj svojih starih in nekaj novih pesmi. V njej bodo zagotovo na\u0161li marsikaj po svojem okusu tako najmlaj\u0161i [&hellip;]<\/p>\n","protected":false},"featured_media":9519,"template":"","meta":{"_monsterinsights_skip_tracking":false,"_monsterinsights_sitenote_active":false,"_monsterinsights_sitenote_note":"","_monsterinsights_sitenote_category":0},"product_brand":[],"product_cat":[18,40],"product_tag":[],"class_list":{"0":"post-9518","1":"product","2":"type-product","3":"status-publish","4":"has-post-thumbnail","6":"product_cat-nove-knjige","7":"product_cat-otroska-mladinska-literatura","9":"first","10":"instock","11":"taxable","12":"shipping-taxable","13":"purchasable","14":"product-type-simple"},"jetpack_sharing_enabled":true,"_links":{"self":[{"href":"https:\/\/www.antikvariat-vodnik.si\/index.php?rest_route=\/wp\/v2\/product\/9518","targetHints":{"allow":["GET"]}}],"collection":[{"href":"https:\/\/www.antikvariat-vodnik.si\/index.php?rest_route=\/wp\/v2\/product"}],"about":[{"href":"https:\/\/www.antikvariat-vodnik.si\/index.php?rest_route=\/wp\/v2\/types\/product"}],"wp:featuredmedia":[{"embeddable":true,"href":"https:\/\/www.antikvariat-vodnik.si\/index.php?rest_route=\/wp\/v2\/media\/9519"}],"wp:attachment":[{"href":"https:\/\/www.antikvariat-vodnik.si\/index.php?rest_route=%2Fwp%2Fv2%2Fmedia&parent=9518"}],"wp:term":[{"taxonomy":"product_brand","embeddable":true,"href":"https:\/\/www.antikvariat-vodnik.si\/index.php?rest_route=%2Fwp%2Fv2%2Fproduct_brand&post=9518"},{"taxonomy":"product_cat","embeddable":true,"href":"https:\/\/www.antikvariat-vodnik.si\/index.php?rest_route=%2Fwp%2Fv2%2Fproduct_cat&post=9518"},{"taxonomy":"product_tag","embeddable":true,"href":"https:\/\/www.antikvariat-vodnik.si\/index.php?rest_route=%2Fwp%2Fv2%2Fproduct_tag&post=9518"}],"curies":[{"name":"wp","href":"https:\/\/api.w.org\/{rel}","templated":true}]}}