{"id":9499,"date":"2021-04-09T14:23:22","date_gmt":"2021-04-09T12:23:22","guid":{"rendered":"https:\/\/www.antikvariat-vodnik.si\/?post_type=product&#038;p=9499"},"modified":"2025-04-15T07:40:00","modified_gmt":"2025-04-15T05:40:00","slug":"volja-do-smisla-osnove-in-raba-logoterapije-viktor-e-frankl","status":"publish","type":"product","link":"https:\/\/www.antikvariat-vodnik.si\/?product=volja-do-smisla-osnove-in-raba-logoterapije-viktor-e-frankl","title":{"rendered":"VOLJA DO SMISLA: Osnove in raba logoterapije, Viktor E. Frankl"},"content":{"rendered":"<div><b>Prevod<\/b>:\u00a0Jo\u017ee Stabej<\/div>\n<div><b>Strani<\/b>: 224<\/div>\n<div><b>Zbirka<\/b>:\u00a0SMISEL<\/div>\n<div><b>Format<\/b>: 130 mm x 210 mm<\/div>\n<div><b>Vezava<\/b>: mehka vezava<\/div>\n<div><b>Leto izdaje<\/b>: 2014<\/div>\n<div><\/div>\n<div>\n<p>\u010clovekova usmerjenost k smislu je zanesljiva smernica njegovega \u017eivljenja<\/p>\n<p><em>V logoterapiji gre vedno za osebna, zelo bivanjska sre\u010danja v odnosih, v katere smo vpeti. Logoterapija izhaja iz samoprese\u017ene lastnosti \u010dlove\u0161kega bivanja; \u010dlovek je bitje, ki sega dlje od samega sebe. Ne zadovolji se z voljo do u\u017eivanja ali z voljo do mo\u010di; \u010dlove\u0161kost in dostojanstvo posameznika prideta najbolj do izraza v njegovi volji do smisla.<\/em><\/p>\n<p>Franklova knjiga\u00a0<em>Volja do smisla<\/em>\u00a0ni le strokovni prikaz logoterapije, ampak bi ji lahko rekli kar u\u010dbenik \u017eivljenja. \u017de v predgovoru avtor pojasni, kako je besedilo nastalo, in bralca popelje skozi osnovna na\u010dela logoterapije.\u00a0 Samopreseganje izhaja iz duhovne notranjosti, kjer se \u010dlovek dvigne nad telesno in du\u0161evno razse\u017enost. Samopreseganje je zato specifi\u010dno \u010dlove\u0161ka razse\u017enost. Duhovna razse\u017enost je torej predvsem antropolo\u0161ka in ne teolo\u0161ka razse\u017enost, \u010deprav logoterapija uporablja tudi vest kot edinstveno \u010dlovekovo zmo\u017enost, ki omogo\u010da vrednotenje lastnih dejanj. Svoboda kot osnovni steber logoterapije pomaga \u010dloveku razumeti, da ni determiniran z osebno zgodovino in z \u017eivljenjskimi okoli\u0161\u010dinami. Do okoli\u0161\u010din, v katere je bil vpet, namre\u010d lahko zavzame stali\u0161\u010de. To seveda ne pomeni, da ga te okoli\u0161\u010dine niso oblikovale, pomeni pa, da ne odlo\u010dajo nujno o njegovem sedanjem polo\u017eaju ali o prihodnosti. Kot posamezniki se vedno lahko odlo\u010damo, ali bomo pritiskom okolice popustili \u2013 ali pa bomo te pritiske sprejeli kot izziv. Zdrava mera napetosti, ki jo povzro\u010da usmerjenost k izpolnitvi smisla, je nujna za du\u0161evno zdravje. Usmerjenost k smislu ohranja zdravje in podalj\u0161uje \u017eivljenje, to ka\u017ee \u017ee vsakdanja izku\u0161nja. Posamezniki, ki se odgovorno lotevajo \u017eivljenjskih izzivov, ne zapadejo v tako imenovano bivanjsko praznino, kjer je prostor za dolg\u010das, malodu\u0161je in naveli\u010danost, ampak te\u017eijo k temu, da s svojimi odnosi in s svojimi deli osre\u010dujejo druge.<\/p>\n<p><strong><em>Volja do smisla<\/em>\u00a0je dosegla ve\u010dmilijonsko naklado in je bila uvr\u0161\u010dena na seznam desetih najvplivnej\u0161ih knjig v Ameriki.<\/strong><\/p>\n<\/div>\n","protected":false},"excerpt":{"rendered":"<p>Prevod:\u00a0Jo\u017ee Stabej Strani: 224 Zbirka:\u00a0SMISEL Format: 130 mm x 210 mm Vezava: mehka vezava Leto izdaje: 2014 \u010clovekova usmerjenost k smislu je zanesljiva smernica njegovega \u017eivljenja V logoterapiji gre vedno za osebna, zelo bivanjska sre\u010danja v odnosih, v katere smo vpeti. Logoterapija izhaja iz samoprese\u017ene lastnosti \u010dlove\u0161kega bivanja; \u010dlovek je bitje, ki sega dlje od [&hellip;]<\/p>\n","protected":false},"featured_media":9500,"template":"","meta":{"_monsterinsights_skip_tracking":false,"_monsterinsights_sitenote_active":false,"_monsterinsights_sitenote_note":"","_monsterinsights_sitenote_category":0},"product_brand":[],"product_cat":[37,16,18],"product_tag":[],"class_list":{"0":"post-9499","1":"product","2":"type-product","3":"status-publish","4":"has-post-thumbnail","6":"product_cat-duhovnost-in-osebna-rast","7":"product_cat-katalog-knjig","8":"product_cat-nove-knjige","10":"first","11":"instock","12":"taxable","13":"shipping-taxable","14":"purchasable","15":"product-type-simple"},"jetpack_sharing_enabled":true,"_links":{"self":[{"href":"https:\/\/www.antikvariat-vodnik.si\/index.php?rest_route=\/wp\/v2\/product\/9499","targetHints":{"allow":["GET"]}}],"collection":[{"href":"https:\/\/www.antikvariat-vodnik.si\/index.php?rest_route=\/wp\/v2\/product"}],"about":[{"href":"https:\/\/www.antikvariat-vodnik.si\/index.php?rest_route=\/wp\/v2\/types\/product"}],"wp:featuredmedia":[{"embeddable":true,"href":"https:\/\/www.antikvariat-vodnik.si\/index.php?rest_route=\/wp\/v2\/media\/9500"}],"wp:attachment":[{"href":"https:\/\/www.antikvariat-vodnik.si\/index.php?rest_route=%2Fwp%2Fv2%2Fmedia&parent=9499"}],"wp:term":[{"taxonomy":"product_brand","embeddable":true,"href":"https:\/\/www.antikvariat-vodnik.si\/index.php?rest_route=%2Fwp%2Fv2%2Fproduct_brand&post=9499"},{"taxonomy":"product_cat","embeddable":true,"href":"https:\/\/www.antikvariat-vodnik.si\/index.php?rest_route=%2Fwp%2Fv2%2Fproduct_cat&post=9499"},{"taxonomy":"product_tag","embeddable":true,"href":"https:\/\/www.antikvariat-vodnik.si\/index.php?rest_route=%2Fwp%2Fv2%2Fproduct_tag&post=9499"}],"curies":[{"name":"wp","href":"https:\/\/api.w.org\/{rel}","templated":true}]}}