{"id":9232,"date":"2021-04-06T15:57:53","date_gmt":"2021-04-06T13:57:53","guid":{"rendered":"https:\/\/www.antikvariat-vodnik.si\/?post_type=product&#038;p=9232"},"modified":"2026-03-23T20:41:12","modified_gmt":"2026-03-23T19:41:12","slug":"slovenia-monografia-turistica-morana-polovic","status":"publish","type":"product","link":"https:\/\/www.antikvariat-vodnik.si\/?product=slovenia-monografia-turistica-morana-polovic","title":{"rendered":"SLOVENIA &#8211; MONOGRAFIA TURISTICA, Morana Polovi\u010d"},"content":{"rendered":"<p>Slovenija je kljub majhnosti de\u017eela z bogato zgodovinsko in kulturno raznolikostjo. Je edina dr\u017eava v Evropi, ki zdru\u017euje alpski in sredozemski svet, Panonsko ni\u017eino in kra\u0161ki svet. Spremenljivost pokrajin vas vedno vnovi\u010d preseneti. Opazujete lahko morje, na drugi strani pa va\u0161 pogled objame visoke gore. Narava je na majhnem delu Evrope zdru\u017eila in prepletla velika naravna bogastva, Sloveniji pa podarila izjemno raznolikost in pestrost, ki je \u0161e zdaj dobro ohranjena.<br \/>\nV turisti\u010dni monografiji, ki je pred vami, si lahko ogledate in preberete vse o zgodovini, kulturi in umetnosti Slovenije, pa o vseh njenih naravnih lepotah in znamenitostih, ter o vseh pomembnej\u0161ih turisti\u010dnih destinacijah.<\/p>\n<p>Monografija je napisana v ITALIJANSKEM jeziku.<\/p>\n<p>Mehka vezava, 15,5 x 21,5 cm, 180 strani.<\/p>\n","protected":false},"excerpt":{"rendered":"<p>Slovenija je kljub majhnosti de\u017eela z bogato zgodovinsko in kulturno raznolikostjo. Je edina dr\u017eava v Evropi, ki zdru\u017euje alpski in sredozemski svet, Panonsko ni\u017eino in kra\u0161ki svet. Spremenljivost pokrajin vas vedno vnovi\u010d preseneti. Opazujete lahko morje, na drugi strani pa va\u0161 pogled objame visoke gore. Narava je na majhnem delu Evrope zdru\u017eila in prepletla velika [&hellip;]<\/p>\n","protected":false},"featured_media":9233,"template":"","meta":{"_monsterinsights_skip_tracking":false,"_monsterinsights_sitenote_active":false,"_monsterinsights_sitenote_note":"","_monsterinsights_sitenote_category":0},"product_brand":[],"product_cat":[16,18,39],"product_tag":[],"class_list":{"0":"post-9232","1":"product","2":"type-product","3":"status-publish","4":"has-post-thumbnail","6":"product_cat-katalog-knjig","7":"product_cat-nove-knjige","8":"product_cat-turizem","10":"first","11":"instock","12":"taxable","13":"shipping-taxable","14":"purchasable","15":"product-type-simple"},"jetpack_sharing_enabled":true,"_links":{"self":[{"href":"https:\/\/www.antikvariat-vodnik.si\/index.php?rest_route=\/wp\/v2\/product\/9232","targetHints":{"allow":["GET"]}}],"collection":[{"href":"https:\/\/www.antikvariat-vodnik.si\/index.php?rest_route=\/wp\/v2\/product"}],"about":[{"href":"https:\/\/www.antikvariat-vodnik.si\/index.php?rest_route=\/wp\/v2\/types\/product"}],"wp:featuredmedia":[{"embeddable":true,"href":"https:\/\/www.antikvariat-vodnik.si\/index.php?rest_route=\/wp\/v2\/media\/9233"}],"wp:attachment":[{"href":"https:\/\/www.antikvariat-vodnik.si\/index.php?rest_route=%2Fwp%2Fv2%2Fmedia&parent=9232"}],"wp:term":[{"taxonomy":"product_brand","embeddable":true,"href":"https:\/\/www.antikvariat-vodnik.si\/index.php?rest_route=%2Fwp%2Fv2%2Fproduct_brand&post=9232"},{"taxonomy":"product_cat","embeddable":true,"href":"https:\/\/www.antikvariat-vodnik.si\/index.php?rest_route=%2Fwp%2Fv2%2Fproduct_cat&post=9232"},{"taxonomy":"product_tag","embeddable":true,"href":"https:\/\/www.antikvariat-vodnik.si\/index.php?rest_route=%2Fwp%2Fv2%2Fproduct_tag&post=9232"}],"curies":[{"name":"wp","href":"https:\/\/api.w.org\/{rel}","templated":true}]}}