{"id":9059,"date":"2021-04-02T13:12:11","date_gmt":"2021-04-02T11:12:11","guid":{"rendered":"https:\/\/www.antikvariat-vodnik.si\/?post_type=product&#038;p=9059"},"modified":"2024-03-10T14:27:27","modified_gmt":"2024-03-10T13:27:27","slug":"balkan-jv-evropa-12","status":"publish","type":"product","link":"https:\/\/www.antikvariat-vodnik.si\/?product=balkan-jv-evropa-12","title":{"rendered":"BALKAN JV EVROPA 1:2"},"content":{"rendered":"<p>Na avtokarti Balkan in JV Evropa v merilu 1:2.000.000 je na voljo \u0161e veliko dodatnih informacij: turisti\u010dne znamenitosti, nacionalni parki, kampi, razdalje v kilometrih in karte ve\u010djih mest. Prilo\u017een mestni register s po\u0161tnimi \u0161tevilkami omogo\u010da hitro usmeritev.<\/p>\n<p>Trde platnice, 13 x 25,5 cm.<\/p>\n","protected":false},"excerpt":{"rendered":"<p>Na avtokarti Balkan in JV Evropa v merilu 1:2.000.000 je na voljo \u0161e veliko dodatnih informacij: turisti\u010dne znamenitosti, nacionalni parki, kampi, razdalje v kilometrih in karte ve\u010djih mest. Prilo\u017een mestni register s po\u0161tnimi \u0161tevilkami omogo\u010da hitro usmeritev. Trde platnice, 13 x 25,5 cm.<\/p>\n","protected":false},"featured_media":9060,"template":"","meta":{"_monsterinsights_skip_tracking":false,"_monsterinsights_sitenote_active":false,"_monsterinsights_sitenote_note":"","_monsterinsights_sitenote_category":0},"product_brand":[],"product_cat":[16,18,39],"product_tag":[],"class_list":{"0":"post-9059","1":"product","2":"type-product","3":"status-publish","4":"has-post-thumbnail","6":"product_cat-katalog-knjig","7":"product_cat-nove-knjige","8":"product_cat-turizem","10":"first","11":"instock","12":"taxable","13":"shipping-taxable","14":"purchasable","15":"product-type-simple"},"jetpack_sharing_enabled":true,"_links":{"self":[{"href":"https:\/\/www.antikvariat-vodnik.si\/index.php?rest_route=\/wp\/v2\/product\/9059","targetHints":{"allow":["GET"]}}],"collection":[{"href":"https:\/\/www.antikvariat-vodnik.si\/index.php?rest_route=\/wp\/v2\/product"}],"about":[{"href":"https:\/\/www.antikvariat-vodnik.si\/index.php?rest_route=\/wp\/v2\/types\/product"}],"wp:featuredmedia":[{"embeddable":true,"href":"https:\/\/www.antikvariat-vodnik.si\/index.php?rest_route=\/wp\/v2\/media\/9060"}],"wp:attachment":[{"href":"https:\/\/www.antikvariat-vodnik.si\/index.php?rest_route=%2Fwp%2Fv2%2Fmedia&parent=9059"}],"wp:term":[{"taxonomy":"product_brand","embeddable":true,"href":"https:\/\/www.antikvariat-vodnik.si\/index.php?rest_route=%2Fwp%2Fv2%2Fproduct_brand&post=9059"},{"taxonomy":"product_cat","embeddable":true,"href":"https:\/\/www.antikvariat-vodnik.si\/index.php?rest_route=%2Fwp%2Fv2%2Fproduct_cat&post=9059"},{"taxonomy":"product_tag","embeddable":true,"href":"https:\/\/www.antikvariat-vodnik.si\/index.php?rest_route=%2Fwp%2Fv2%2Fproduct_tag&post=9059"}],"curies":[{"name":"wp","href":"https:\/\/api.w.org\/{rel}","templated":true}]}}