{"id":8994,"date":"2021-03-28T15:20:59","date_gmt":"2021-03-28T13:20:59","guid":{"rendered":"https:\/\/www.antikvariat-vodnik.si\/?post_type=product&#038;p=8994"},"modified":"2024-11-29T17:52:09","modified_gmt":"2024-11-29T16:52:09","slug":"joze-plecnik-ciboriji-monastrance-in-zakrementariji-v-treh-jezikih","status":"publish","type":"product","link":"https:\/\/www.antikvariat-vodnik.si\/?product=joze-plecnik-ciboriji-monastrance-in-zakrementariji-v-treh-jezikih","title":{"rendered":"JO\u017dE PLE\u010cNIK: CIBORIJI, MONA\u0160TRANCE IN ZAKREMENTARIJI (v treh jezikih)"},"content":{"rendered":"<p>136 strani, trda vezava, 30 cm, izdal: Rokus, Ljubljana 1997, lepo ohranjena, v treh jezikih: fra, ita in slo<\/p>\n","protected":false},"excerpt":{"rendered":"<p>136 strani, trda vezava, 30 cm, izdal: Rokus, Ljubljana 1997, lepo ohranjena, v treh jezikih: fra, ita in slo<\/p>\n","protected":false},"featured_media":8987,"template":"","meta":{"_monsterinsights_skip_tracking":false,"_monsterinsights_sitenote_active":false,"_monsterinsights_sitenote_note":"","_monsterinsights_sitenote_category":0},"product_brand":[],"product_cat":[17,61,71,19,72,16,28,95,24,43],"product_tag":[],"class_list":{"0":"post-8994","1":"product","2":"type-product","3":"status-publish","4":"has-post-thumbnail","6":"product_cat-antikvarne-knjige","7":"product_cat-arhitektura-urbanizem","8":"product_cat-francoski-jezik","9":"product_cat-humanistika-druzboslovje","10":"product_cat-italijanski-jezik","11":"product_cat-katalog-knjig","12":"product_cat-knjige-v-tujih-jezikih","13":"product_cat-kultura-humanistika-druzboslovje","14":"product_cat-umetnost","15":"product_cat-zgodovina-domoznanstvo","17":"first","18":"instock","19":"taxable","20":"shipping-taxable","21":"purchasable","22":"product-type-simple"},"jetpack_sharing_enabled":true,"_links":{"self":[{"href":"https:\/\/www.antikvariat-vodnik.si\/index.php?rest_route=\/wp\/v2\/product\/8994","targetHints":{"allow":["GET"]}}],"collection":[{"href":"https:\/\/www.antikvariat-vodnik.si\/index.php?rest_route=\/wp\/v2\/product"}],"about":[{"href":"https:\/\/www.antikvariat-vodnik.si\/index.php?rest_route=\/wp\/v2\/types\/product"}],"wp:featuredmedia":[{"embeddable":true,"href":"https:\/\/www.antikvariat-vodnik.si\/index.php?rest_route=\/wp\/v2\/media\/8987"}],"wp:attachment":[{"href":"https:\/\/www.antikvariat-vodnik.si\/index.php?rest_route=%2Fwp%2Fv2%2Fmedia&parent=8994"}],"wp:term":[{"taxonomy":"product_brand","embeddable":true,"href":"https:\/\/www.antikvariat-vodnik.si\/index.php?rest_route=%2Fwp%2Fv2%2Fproduct_brand&post=8994"},{"taxonomy":"product_cat","embeddable":true,"href":"https:\/\/www.antikvariat-vodnik.si\/index.php?rest_route=%2Fwp%2Fv2%2Fproduct_cat&post=8994"},{"taxonomy":"product_tag","embeddable":true,"href":"https:\/\/www.antikvariat-vodnik.si\/index.php?rest_route=%2Fwp%2Fv2%2Fproduct_tag&post=8994"}],"curies":[{"name":"wp","href":"https:\/\/api.w.org\/{rel}","templated":true}]}}