{"id":8812,"date":"2021-03-26T15:20:03","date_gmt":"2021-03-26T14:20:03","guid":{"rendered":"https:\/\/www.antikvariat-vodnik.si\/?post_type=product&#038;p=8812"},"modified":"2026-02-14T15:33:24","modified_gmt":"2026-02-14T14:33:24","slug":"cudoviti-svet-iglavcev-j-pezdirc","status":"publish","type":"product","link":"https:\/\/www.antikvariat-vodnik.si\/?product=cudoviti-svet-iglavcev-j-pezdirc","title":{"rendered":"\u010cUDOVITI SVET IGLAVCEV, J. Pezdirc"},"content":{"rendered":"<p>248 strani, trda vezava, 23 cm, izdal: Dr\u017eavna zalo\u017eba Slovenije, Ljubljana 1979, lepo ohranjeno<\/p>\n","protected":false},"excerpt":{"rendered":"<p>248 strani, trda vezava, 23 cm, izdal: Dr\u017eavna zalo\u017eba Slovenije, Ljubljana 1979, lepo ohranjeno<\/p>\n","protected":false},"featured_media":8632,"template":"","meta":{"_monsterinsights_skip_tracking":false,"_monsterinsights_sitenote_active":false,"_monsterinsights_sitenote_note":"","_monsterinsights_sitenote_category":0},"product_brand":[],"product_cat":[17,48,19,16,26,53],"product_tag":[],"class_list":{"0":"post-8812","1":"product","2":"type-product","3":"status-publish","4":"has-post-thumbnail","6":"product_cat-antikvarne-knjige","7":"product_cat-geografija-arheologija","8":"product_cat-humanistika-druzboslovje","9":"product_cat-katalog-knjig","10":"product_cat-prirocniki-uporabne-vede-duhovnost","11":"product_cat-rastline-vrt-zivali","13":"first","14":"instock","15":"taxable","16":"shipping-taxable","17":"purchasable","18":"product-type-simple"},"jetpack_sharing_enabled":true,"_links":{"self":[{"href":"https:\/\/www.antikvariat-vodnik.si\/index.php?rest_route=\/wp\/v2\/product\/8812","targetHints":{"allow":["GET"]}}],"collection":[{"href":"https:\/\/www.antikvariat-vodnik.si\/index.php?rest_route=\/wp\/v2\/product"}],"about":[{"href":"https:\/\/www.antikvariat-vodnik.si\/index.php?rest_route=\/wp\/v2\/types\/product"}],"wp:featuredmedia":[{"embeddable":true,"href":"https:\/\/www.antikvariat-vodnik.si\/index.php?rest_route=\/wp\/v2\/media\/8632"}],"wp:attachment":[{"href":"https:\/\/www.antikvariat-vodnik.si\/index.php?rest_route=%2Fwp%2Fv2%2Fmedia&parent=8812"}],"wp:term":[{"taxonomy":"product_brand","embeddable":true,"href":"https:\/\/www.antikvariat-vodnik.si\/index.php?rest_route=%2Fwp%2Fv2%2Fproduct_brand&post=8812"},{"taxonomy":"product_cat","embeddable":true,"href":"https:\/\/www.antikvariat-vodnik.si\/index.php?rest_route=%2Fwp%2Fv2%2Fproduct_cat&post=8812"},{"taxonomy":"product_tag","embeddable":true,"href":"https:\/\/www.antikvariat-vodnik.si\/index.php?rest_route=%2Fwp%2Fv2%2Fproduct_tag&post=8812"}],"curies":[{"name":"wp","href":"https:\/\/api.w.org\/{rel}","templated":true}]}}