{"id":8802,"date":"2021-03-23T18:15:28","date_gmt":"2021-03-23T17:15:28","guid":{"rendered":"https:\/\/www.antikvariat-vodnik.si\/?post_type=product&#038;p=8802"},"modified":"2026-02-02T19:14:17","modified_gmt":"2026-02-02T18:14:17","slug":"spi-dete-spi-kako-navadite-malcka-mirno-spati","status":"publish","type":"product","link":"https:\/\/www.antikvariat-vodnik.si\/?product=spi-dete-spi-kako-navadite-malcka-mirno-spati","title":{"rendered":"SPI, DETE, SPI &#8211; KAKO NAVADITE MAL\u010cKA MIRNO SPATI"},"content":{"rendered":"<p>prevedla \u0160pela Mihela\u010d, po metodi dr. Eduarda Estivilla, izdal: Mladinska knjiga, Ljubljana 2006, lepo ohranjena<\/p>\n","protected":false},"excerpt":{"rendered":"<p>prevedla \u0160pela Mihela\u010d, po metodi dr. Eduarda Estivilla, izdal: Mladinska knjiga, Ljubljana 2006, lepo ohranjena<\/p>\n","protected":false},"featured_media":8594,"template":"","meta":{"_monsterinsights_skip_tracking":false,"_monsterinsights_sitenote_active":false,"_monsterinsights_sitenote_note":"","_monsterinsights_sitenote_category":0},"product_brand":[],"product_cat":[17,90,16,26],"product_tag":[],"class_list":{"0":"post-8802","1":"product","2":"type-product","3":"status-publish","4":"has-post-thumbnail","6":"product_cat-antikvarne-knjige","7":"product_cat-druzina-starsevstvo-vzgoja","8":"product_cat-katalog-knjig","9":"product_cat-prirocniki-uporabne-vede-duhovnost","11":"first","12":"outofstock","13":"taxable","14":"shipping-taxable","15":"purchasable","16":"product-type-simple"},"jetpack_sharing_enabled":true,"_links":{"self":[{"href":"https:\/\/www.antikvariat-vodnik.si\/index.php?rest_route=\/wp\/v2\/product\/8802","targetHints":{"allow":["GET"]}}],"collection":[{"href":"https:\/\/www.antikvariat-vodnik.si\/index.php?rest_route=\/wp\/v2\/product"}],"about":[{"href":"https:\/\/www.antikvariat-vodnik.si\/index.php?rest_route=\/wp\/v2\/types\/product"}],"wp:featuredmedia":[{"embeddable":true,"href":"https:\/\/www.antikvariat-vodnik.si\/index.php?rest_route=\/wp\/v2\/media\/8594"}],"wp:attachment":[{"href":"https:\/\/www.antikvariat-vodnik.si\/index.php?rest_route=%2Fwp%2Fv2%2Fmedia&parent=8802"}],"wp:term":[{"taxonomy":"product_brand","embeddable":true,"href":"https:\/\/www.antikvariat-vodnik.si\/index.php?rest_route=%2Fwp%2Fv2%2Fproduct_brand&post=8802"},{"taxonomy":"product_cat","embeddable":true,"href":"https:\/\/www.antikvariat-vodnik.si\/index.php?rest_route=%2Fwp%2Fv2%2Fproduct_cat&post=8802"},{"taxonomy":"product_tag","embeddable":true,"href":"https:\/\/www.antikvariat-vodnik.si\/index.php?rest_route=%2Fwp%2Fv2%2Fproduct_tag&post=8802"}],"curies":[{"name":"wp","href":"https:\/\/api.w.org\/{rel}","templated":true}]}}