{"id":8093,"date":"2021-03-13T17:27:49","date_gmt":"2021-03-13T16:27:49","guid":{"rendered":"https:\/\/www.antikvariat-vodnik.si\/?post_type=product&#038;p=8093"},"modified":"2025-12-03T18:40:14","modified_gmt":"2025-12-03T17:40:14","slug":"iscezle-civilizacije-zaboravljeni-narodi-drevnoga-sveta","status":"publish","type":"product","link":"https:\/\/www.antikvariat-vodnik.si\/?product=iscezle-civilizacije-zaboravljeni-narodi-drevnoga-sveta","title":{"rendered":"I\u0160\u010cEZLE CIVILIZACIJE &#8211; Zaboravljeni narodi drevnoga sveta"},"content":{"rendered":"<p>360 strani, Izdava\u010dki zavod Jugoslavija, Beograd\u00a0 &#8217;65, trda vezava celo platno, 35 cm, lepo ohranjeno<\/p>\n","protected":false},"excerpt":{"rendered":"<p>360 strani, Izdava\u010dki zavod Jugoslavija, Beograd\u00a0 &#8217;65, trda vezava celo platno, 35 cm, lepo ohranjeno<\/p>\n","protected":false},"featured_media":8048,"template":"","meta":{"_monsterinsights_skip_tracking":false,"_monsterinsights_sitenote_active":false,"_monsterinsights_sitenote_note":"","_monsterinsights_sitenote_category":0},"product_brand":[],"product_cat":[17,19,16,28,75,43],"product_tag":[],"class_list":{"0":"post-8093","1":"product","2":"type-product","3":"status-publish","4":"has-post-thumbnail","6":"product_cat-antikvarne-knjige","7":"product_cat-humanistika-druzboslovje","8":"product_cat-katalog-knjig","9":"product_cat-knjige-v-tujih-jezikih","10":"product_cat-srbski-hrvaski-jezik","11":"product_cat-zgodovina-domoznanstvo","13":"first","14":"instock","15":"taxable","16":"shipping-taxable","17":"purchasable","18":"product-type-simple"},"jetpack_sharing_enabled":true,"_links":{"self":[{"href":"https:\/\/www.antikvariat-vodnik.si\/index.php?rest_route=\/wp\/v2\/product\/8093","targetHints":{"allow":["GET"]}}],"collection":[{"href":"https:\/\/www.antikvariat-vodnik.si\/index.php?rest_route=\/wp\/v2\/product"}],"about":[{"href":"https:\/\/www.antikvariat-vodnik.si\/index.php?rest_route=\/wp\/v2\/types\/product"}],"wp:featuredmedia":[{"embeddable":true,"href":"https:\/\/www.antikvariat-vodnik.si\/index.php?rest_route=\/wp\/v2\/media\/8048"}],"wp:attachment":[{"href":"https:\/\/www.antikvariat-vodnik.si\/index.php?rest_route=%2Fwp%2Fv2%2Fmedia&parent=8093"}],"wp:term":[{"taxonomy":"product_brand","embeddable":true,"href":"https:\/\/www.antikvariat-vodnik.si\/index.php?rest_route=%2Fwp%2Fv2%2Fproduct_brand&post=8093"},{"taxonomy":"product_cat","embeddable":true,"href":"https:\/\/www.antikvariat-vodnik.si\/index.php?rest_route=%2Fwp%2Fv2%2Fproduct_cat&post=8093"},{"taxonomy":"product_tag","embeddable":true,"href":"https:\/\/www.antikvariat-vodnik.si\/index.php?rest_route=%2Fwp%2Fv2%2Fproduct_tag&post=8093"}],"curies":[{"name":"wp","href":"https:\/\/api.w.org\/{rel}","templated":true}]}}