{"id":7979,"date":"2021-03-12T14:23:25","date_gmt":"2021-03-12T13:23:25","guid":{"rendered":"https:\/\/www.antikvariat-vodnik.si\/?post_type=product&#038;p=7979"},"modified":"2025-06-26T15:47:51","modified_gmt":"2025-06-26T13:47:51","slug":"barocni-oltarji-ljubljanskih-kamnoseskih-delavnic-natasa-polajnar-frelih","status":"publish","type":"product","link":"https:\/\/www.antikvariat-vodnik.si\/?product=barocni-oltarji-ljubljanskih-kamnoseskih-delavnic-natasa-polajnar-frelih","title":{"rendered":"BARO\u010cNI \u010cRNI OLTARJI LJUBLJANSKIH KAMNOSE\u0160KIH DELAVNIC, Nata\u0161a Polajnar Frelih"},"content":{"rendered":"<p>172 strani, trda vezava, 29,5 cm, izdal: Slovenski verski muzej, Sti\u010dna 2001, knjiga je kot nova<\/p>\n","protected":false},"excerpt":{"rendered":"<p>172 strani, trda vezava, 29,5 cm, izdal: Slovenski verski muzej, Sti\u010dna 2001, knjiga je kot nova<\/p>\n","protected":false},"featured_media":7872,"template":"","meta":{"_monsterinsights_skip_tracking":false,"_monsterinsights_sitenote_active":false,"_monsterinsights_sitenote_note":"","_monsterinsights_sitenote_category":0},"product_brand":[],"product_cat":[17,61,19,16,24,43],"product_tag":[],"class_list":{"0":"post-7979","1":"product","2":"type-product","3":"status-publish","4":"has-post-thumbnail","6":"product_cat-antikvarne-knjige","7":"product_cat-arhitektura-urbanizem","8":"product_cat-humanistika-druzboslovje","9":"product_cat-katalog-knjig","10":"product_cat-umetnost","11":"product_cat-zgodovina-domoznanstvo","13":"first","14":"instock","15":"taxable","16":"shipping-taxable","17":"purchasable","18":"product-type-simple"},"jetpack_sharing_enabled":true,"_links":{"self":[{"href":"https:\/\/www.antikvariat-vodnik.si\/index.php?rest_route=\/wp\/v2\/product\/7979","targetHints":{"allow":["GET"]}}],"collection":[{"href":"https:\/\/www.antikvariat-vodnik.si\/index.php?rest_route=\/wp\/v2\/product"}],"about":[{"href":"https:\/\/www.antikvariat-vodnik.si\/index.php?rest_route=\/wp\/v2\/types\/product"}],"wp:featuredmedia":[{"embeddable":true,"href":"https:\/\/www.antikvariat-vodnik.si\/index.php?rest_route=\/wp\/v2\/media\/7872"}],"wp:attachment":[{"href":"https:\/\/www.antikvariat-vodnik.si\/index.php?rest_route=%2Fwp%2Fv2%2Fmedia&parent=7979"}],"wp:term":[{"taxonomy":"product_brand","embeddable":true,"href":"https:\/\/www.antikvariat-vodnik.si\/index.php?rest_route=%2Fwp%2Fv2%2Fproduct_brand&post=7979"},{"taxonomy":"product_cat","embeddable":true,"href":"https:\/\/www.antikvariat-vodnik.si\/index.php?rest_route=%2Fwp%2Fv2%2Fproduct_cat&post=7979"},{"taxonomy":"product_tag","embeddable":true,"href":"https:\/\/www.antikvariat-vodnik.si\/index.php?rest_route=%2Fwp%2Fv2%2Fproduct_tag&post=7979"}],"curies":[{"name":"wp","href":"https:\/\/api.w.org\/{rel}","templated":true}]}}