{"id":78778,"date":"2026-05-09T17:43:47","date_gmt":"2026-05-09T15:43:47","guid":{"rendered":"https:\/\/www.antikvariat-vodnik.si\/?post_type=product&#038;p=78778"},"modified":"2026-05-09T17:45:12","modified_gmt":"2026-05-09T15:45:12","slug":"kvackanje-in-pletenje-v-marcon-i-marincic-n-niklsbacher","status":"publish","type":"product","link":"https:\/\/www.antikvariat-vodnik.si\/?product=kvackanje-in-pletenje-v-marcon-i-marincic-n-niklsbacher","title":{"rendered":"KVA\u010cKANJE IN PLETENJE, V. Marcon, I. Marin\u010di\u010d, N. Niklsbacher"},"content":{"rendered":"<p>224 str., mehka vezava, 20 cm, Zavod za napredek gospodinjstva, 1966, lepo ohranjena<\/p>\n","protected":false},"excerpt":{"rendered":"<p>224 str., mehka vezava, 20 cm, Zavod za napredek gospodinjstva, 1966, lepo ohranjena<\/p>\n","protected":false},"featured_media":78779,"template":"","meta":{"_monsterinsights_skip_tracking":false,"_monsterinsights_sitenote_active":false,"_monsterinsights_sitenote_note":"","_monsterinsights_sitenote_category":0},"product_brand":[],"product_cat":[17,52,19,16],"product_tag":[],"class_list":{"0":"post-78778","1":"product","2":"type-product","3":"status-publish","4":"has-post-thumbnail","6":"product_cat-antikvarne-knjige","7":"product_cat-dom-vrt-rocna-dela","8":"product_cat-humanistika-druzboslovje","9":"product_cat-katalog-knjig","11":"first","12":"instock","13":"taxable","14":"shipping-taxable","15":"purchasable","16":"product-type-simple"},"jetpack_sharing_enabled":true,"_links":{"self":[{"href":"https:\/\/www.antikvariat-vodnik.si\/index.php?rest_route=\/wp\/v2\/product\/78778","targetHints":{"allow":["GET"]}}],"collection":[{"href":"https:\/\/www.antikvariat-vodnik.si\/index.php?rest_route=\/wp\/v2\/product"}],"about":[{"href":"https:\/\/www.antikvariat-vodnik.si\/index.php?rest_route=\/wp\/v2\/types\/product"}],"wp:featuredmedia":[{"embeddable":true,"href":"https:\/\/www.antikvariat-vodnik.si\/index.php?rest_route=\/wp\/v2\/media\/78779"}],"wp:attachment":[{"href":"https:\/\/www.antikvariat-vodnik.si\/index.php?rest_route=%2Fwp%2Fv2%2Fmedia&parent=78778"}],"wp:term":[{"taxonomy":"product_brand","embeddable":true,"href":"https:\/\/www.antikvariat-vodnik.si\/index.php?rest_route=%2Fwp%2Fv2%2Fproduct_brand&post=78778"},{"taxonomy":"product_cat","embeddable":true,"href":"https:\/\/www.antikvariat-vodnik.si\/index.php?rest_route=%2Fwp%2Fv2%2Fproduct_cat&post=78778"},{"taxonomy":"product_tag","embeddable":true,"href":"https:\/\/www.antikvariat-vodnik.si\/index.php?rest_route=%2Fwp%2Fv2%2Fproduct_tag&post=78778"}],"curies":[{"name":"wp","href":"https:\/\/api.w.org\/{rel}","templated":true}]}}