{"id":78741,"date":"2026-05-09T15:35:44","date_gmt":"2026-05-09T13:35:44","guid":{"rendered":"https:\/\/www.antikvariat-vodnik.si\/?post_type=product&#038;p=78741"},"modified":"2026-05-09T15:36:11","modified_gmt":"2026-05-09T13:36:11","slug":"sibenik-u-kasnome-srednjem-vijeku-josip-kolanovic","status":"publish","type":"product","link":"https:\/\/www.antikvariat-vodnik.si\/?product=sibenik-u-kasnome-srednjem-vijeku-josip-kolanovic","title":{"rendered":"\u0160IBENIK U KASNOME SREDNJEM VIJEKU, Josip Kolanovi\u0107"},"content":{"rendered":"<p>348 str., trda vezava, 24 cm, \u0160olska knjiga, 1995, dobro ohranjena<\/p>\n","protected":false},"excerpt":{"rendered":"<p>348 str., trda vezava, 24 cm, \u0160olska knjiga, 1995, dobro ohranjena<\/p>\n","protected":false},"featured_media":78742,"template":"","meta":{"_monsterinsights_skip_tracking":false,"_monsterinsights_sitenote_active":false,"_monsterinsights_sitenote_note":"","_monsterinsights_sitenote_category":0},"product_brand":[],"product_cat":[17,19,16,28,75,43],"product_tag":[],"class_list":{"0":"post-78741","1":"product","2":"type-product","3":"status-publish","4":"has-post-thumbnail","6":"product_cat-antikvarne-knjige","7":"product_cat-humanistika-druzboslovje","8":"product_cat-katalog-knjig","9":"product_cat-knjige-v-tujih-jezikih","10":"product_cat-srbski-hrvaski-jezik","11":"product_cat-zgodovina-domoznanstvo","13":"first","14":"instock","15":"taxable","16":"shipping-taxable","17":"purchasable","18":"product-type-simple"},"jetpack_sharing_enabled":true,"_links":{"self":[{"href":"https:\/\/www.antikvariat-vodnik.si\/index.php?rest_route=\/wp\/v2\/product\/78741","targetHints":{"allow":["GET"]}}],"collection":[{"href":"https:\/\/www.antikvariat-vodnik.si\/index.php?rest_route=\/wp\/v2\/product"}],"about":[{"href":"https:\/\/www.antikvariat-vodnik.si\/index.php?rest_route=\/wp\/v2\/types\/product"}],"wp:featuredmedia":[{"embeddable":true,"href":"https:\/\/www.antikvariat-vodnik.si\/index.php?rest_route=\/wp\/v2\/media\/78742"}],"wp:attachment":[{"href":"https:\/\/www.antikvariat-vodnik.si\/index.php?rest_route=%2Fwp%2Fv2%2Fmedia&parent=78741"}],"wp:term":[{"taxonomy":"product_brand","embeddable":true,"href":"https:\/\/www.antikvariat-vodnik.si\/index.php?rest_route=%2Fwp%2Fv2%2Fproduct_brand&post=78741"},{"taxonomy":"product_cat","embeddable":true,"href":"https:\/\/www.antikvariat-vodnik.si\/index.php?rest_route=%2Fwp%2Fv2%2Fproduct_cat&post=78741"},{"taxonomy":"product_tag","embeddable":true,"href":"https:\/\/www.antikvariat-vodnik.si\/index.php?rest_route=%2Fwp%2Fv2%2Fproduct_tag&post=78741"}],"curies":[{"name":"wp","href":"https:\/\/api.w.org\/{rel}","templated":true}]}}