{"id":78668,"date":"2026-05-08T17:09:17","date_gmt":"2026-05-08T15:09:17","guid":{"rendered":"https:\/\/www.antikvariat-vodnik.si\/?post_type=product&#038;p=78668"},"modified":"2026-05-08T17:09:19","modified_gmt":"2026-05-08T15:09:19","slug":"mediterranean-poetry-and-graphics-marko-kravos-in-franko-vecchiet","status":"publish","type":"product","link":"https:\/\/www.antikvariat-vodnik.si\/?product=mediterranean-poetry-and-graphics-marko-kravos-in-franko-vecchiet","title":{"rendered":"MEDITERRANEAN POETRY AND GRAPHICS, Marko Kravos in Franko Vecchiet"},"content":{"rendered":"<p>O\u0161tevil\u010den izvod. V \u0161citni mapici, TKGalerija, 1987, lepo ohranjena.<\/p>\n","protected":false},"excerpt":{"rendered":"<p>O\u0161tevil\u010den izvod. V \u0161citni mapici, TKGalerija, 1987, lepo ohranjena.<\/p>\n","protected":false},"featured_media":78669,"template":"","meta":{"_monsterinsights_skip_tracking":false,"_monsterinsights_sitenote_active":false,"_monsterinsights_sitenote_note":"","_monsterinsights_sitenote_category":0},"product_brand":[],"product_cat":[17,16,27,66,59,24],"product_tag":[],"class_list":{"0":"post-78668","1":"product","2":"type-product","3":"status-publish","4":"has-post-thumbnail","6":"product_cat-antikvarne-knjige","7":"product_cat-katalog-knjig","8":"product_cat-leposlovje","9":"product_cat-poezija","10":"product_cat-slikarstvo-kiparstvo-grafika","11":"product_cat-umetnost","13":"first","14":"instock","15":"taxable","16":"shipping-taxable","17":"purchasable","18":"product-type-simple"},"jetpack_sharing_enabled":true,"_links":{"self":[{"href":"https:\/\/www.antikvariat-vodnik.si\/index.php?rest_route=\/wp\/v2\/product\/78668","targetHints":{"allow":["GET"]}}],"collection":[{"href":"https:\/\/www.antikvariat-vodnik.si\/index.php?rest_route=\/wp\/v2\/product"}],"about":[{"href":"https:\/\/www.antikvariat-vodnik.si\/index.php?rest_route=\/wp\/v2\/types\/product"}],"wp:featuredmedia":[{"embeddable":true,"href":"https:\/\/www.antikvariat-vodnik.si\/index.php?rest_route=\/wp\/v2\/media\/78669"}],"wp:attachment":[{"href":"https:\/\/www.antikvariat-vodnik.si\/index.php?rest_route=%2Fwp%2Fv2%2Fmedia&parent=78668"}],"wp:term":[{"taxonomy":"product_brand","embeddable":true,"href":"https:\/\/www.antikvariat-vodnik.si\/index.php?rest_route=%2Fwp%2Fv2%2Fproduct_brand&post=78668"},{"taxonomy":"product_cat","embeddable":true,"href":"https:\/\/www.antikvariat-vodnik.si\/index.php?rest_route=%2Fwp%2Fv2%2Fproduct_cat&post=78668"},{"taxonomy":"product_tag","embeddable":true,"href":"https:\/\/www.antikvariat-vodnik.si\/index.php?rest_route=%2Fwp%2Fv2%2Fproduct_tag&post=78668"}],"curies":[{"name":"wp","href":"https:\/\/api.w.org\/{rel}","templated":true}]}}