{"id":78590,"date":"2026-05-06T18:15:29","date_gmt":"2026-05-06T16:15:29","guid":{"rendered":"https:\/\/www.antikvariat-vodnik.si\/?post_type=product&#038;p=78590"},"modified":"2026-05-06T18:15:31","modified_gmt":"2026-05-06T16:15:31","slug":"leto-mine-dan-nikoli-zarko-lausevic","status":"publish","type":"product","link":"https:\/\/www.antikvariat-vodnik.si\/?product=leto-mine-dan-nikoli-zarko-lausevic","title":{"rendered":"LETO MINE, DAN NIKOLI, \u017darko Lau\u0161evi\u0107"},"content":{"rendered":"<p>328 str., trda vezava, \u0161\u010ditni ovitek, 22.5 cm, Modrijan, 2013, lepo ohranjena.<\/p>\n","protected":false},"excerpt":{"rendered":"<p>328 str., trda vezava, \u0161\u010ditni ovitek, 22.5 cm, Modrijan, 2013, lepo ohranjena.<\/p>\n","protected":false},"featured_media":78591,"template":"","meta":{"_monsterinsights_skip_tracking":false,"_monsterinsights_sitenote_active":false,"_monsterinsights_sitenote_note":"","_monsterinsights_sitenote_category":0},"product_brand":[],"product_cat":[17,21,16],"product_tag":[],"class_list":{"0":"post-78590","1":"product","2":"type-product","3":"status-publish","4":"has-post-thumbnail","6":"product_cat-antikvarne-knjige","7":"product_cat-biografije","8":"product_cat-katalog-knjig","10":"first","11":"instock","12":"taxable","13":"shipping-taxable","14":"purchasable","15":"product-type-simple"},"jetpack_sharing_enabled":true,"_links":{"self":[{"href":"https:\/\/www.antikvariat-vodnik.si\/index.php?rest_route=\/wp\/v2\/product\/78590","targetHints":{"allow":["GET"]}}],"collection":[{"href":"https:\/\/www.antikvariat-vodnik.si\/index.php?rest_route=\/wp\/v2\/product"}],"about":[{"href":"https:\/\/www.antikvariat-vodnik.si\/index.php?rest_route=\/wp\/v2\/types\/product"}],"wp:featuredmedia":[{"embeddable":true,"href":"https:\/\/www.antikvariat-vodnik.si\/index.php?rest_route=\/wp\/v2\/media\/78591"}],"wp:attachment":[{"href":"https:\/\/www.antikvariat-vodnik.si\/index.php?rest_route=%2Fwp%2Fv2%2Fmedia&parent=78590"}],"wp:term":[{"taxonomy":"product_brand","embeddable":true,"href":"https:\/\/www.antikvariat-vodnik.si\/index.php?rest_route=%2Fwp%2Fv2%2Fproduct_brand&post=78590"},{"taxonomy":"product_cat","embeddable":true,"href":"https:\/\/www.antikvariat-vodnik.si\/index.php?rest_route=%2Fwp%2Fv2%2Fproduct_cat&post=78590"},{"taxonomy":"product_tag","embeddable":true,"href":"https:\/\/www.antikvariat-vodnik.si\/index.php?rest_route=%2Fwp%2Fv2%2Fproduct_tag&post=78590"}],"curies":[{"name":"wp","href":"https:\/\/api.w.org\/{rel}","templated":true}]}}