{"id":78561,"date":"2026-05-06T12:21:52","date_gmt":"2026-05-06T10:21:52","guid":{"rendered":"https:\/\/www.antikvariat-vodnik.si\/?post_type=product&#038;p=78561"},"modified":"2026-05-06T12:21:55","modified_gmt":"2026-05-06T10:21:55","slug":"prakticni-nasveti-za-zascitno-magijo-ellen-dugan","status":"publish","type":"product","link":"https:\/\/www.antikvariat-vodnik.si\/?product=prakticni-nasveti-za-zascitno-magijo-ellen-dugan","title":{"rendered":"PRAKTI\u010cNI NASVETI ZA ZA\u0160\u010cITNO MAGIJO, Ellen Dugan"},"content":{"rendered":"<p>308 str., mehka vezava, 20 cm, Aum, 2023, lepo ohranjena.<\/p>\n","protected":false},"excerpt":{"rendered":"<p>308 str., mehka vezava, 20 cm, Aum, 2023, lepo ohranjena.<\/p>\n","protected":false},"featured_media":78562,"template":"","meta":{"_monsterinsights_skip_tracking":false,"_monsterinsights_sitenote_active":false,"_monsterinsights_sitenote_note":"","_monsterinsights_sitenote_category":0},"product_brand":[],"product_cat":[17,16,51,26],"product_tag":[],"class_list":{"0":"post-78561","1":"product","2":"type-product","3":"status-publish","4":"has-post-thumbnail","6":"product_cat-antikvarne-knjige","7":"product_cat-katalog-knjig","8":"product_cat-popularna-psihologija-ezoterika","9":"product_cat-prirocniki-uporabne-vede-duhovnost","11":"first","12":"instock","13":"taxable","14":"shipping-taxable","15":"purchasable","16":"product-type-simple"},"jetpack_sharing_enabled":true,"_links":{"self":[{"href":"https:\/\/www.antikvariat-vodnik.si\/index.php?rest_route=\/wp\/v2\/product\/78561","targetHints":{"allow":["GET"]}}],"collection":[{"href":"https:\/\/www.antikvariat-vodnik.si\/index.php?rest_route=\/wp\/v2\/product"}],"about":[{"href":"https:\/\/www.antikvariat-vodnik.si\/index.php?rest_route=\/wp\/v2\/types\/product"}],"wp:featuredmedia":[{"embeddable":true,"href":"https:\/\/www.antikvariat-vodnik.si\/index.php?rest_route=\/wp\/v2\/media\/78562"}],"wp:attachment":[{"href":"https:\/\/www.antikvariat-vodnik.si\/index.php?rest_route=%2Fwp%2Fv2%2Fmedia&parent=78561"}],"wp:term":[{"taxonomy":"product_brand","embeddable":true,"href":"https:\/\/www.antikvariat-vodnik.si\/index.php?rest_route=%2Fwp%2Fv2%2Fproduct_brand&post=78561"},{"taxonomy":"product_cat","embeddable":true,"href":"https:\/\/www.antikvariat-vodnik.si\/index.php?rest_route=%2Fwp%2Fv2%2Fproduct_cat&post=78561"},{"taxonomy":"product_tag","embeddable":true,"href":"https:\/\/www.antikvariat-vodnik.si\/index.php?rest_route=%2Fwp%2Fv2%2Fproduct_tag&post=78561"}],"curies":[{"name":"wp","href":"https:\/\/api.w.org\/{rel}","templated":true}]}}