{"id":78475,"date":"2026-04-23T17:02:02","date_gmt":"2026-04-23T15:02:02","guid":{"rendered":"https:\/\/www.antikvariat-vodnik.si\/?post_type=product&#038;p=78475"},"modified":"2026-04-23T17:03:19","modified_gmt":"2026-04-23T15:03:19","slug":"tehnicno-risanje-srecko-glodez","status":"publish","type":"product","link":"https:\/\/www.antikvariat-vodnik.si\/?product=tehnicno-risanje-srecko-glodez","title":{"rendered":"TEHNI\u010cNO RISANJE, Sre\u010dko Glode\u017e"},"content":{"rendered":"<p>120 str., mehka vezava, 29.5 cm, TZS, 2012, lepo ohranjena.<\/p>\n","protected":false},"excerpt":{"rendered":"<p>120 str., mehka vezava, 29.5 cm, TZS, 2012, lepo ohranjena.<\/p>\n","protected":false},"featured_media":78476,"template":"","meta":{"_monsterinsights_skip_tracking":false,"_monsterinsights_sitenote_active":false,"_monsterinsights_sitenote_note":"","_monsterinsights_sitenote_category":0},"product_brand":[],"product_cat":[17,16,25,57,104],"product_tag":[],"class_list":{"0":"post-78475","1":"product","2":"type-product","3":"status-publish","4":"has-post-thumbnail","6":"product_cat-antikvarne-knjige","7":"product_cat-katalog-knjig","8":"product_cat-naravoslovje-medicina-tehnika","9":"product_cat-tehnika","10":"product_cat-ucbeniki","12":"first","13":"instock","14":"taxable","15":"shipping-taxable","16":"purchasable","17":"product-type-simple"},"jetpack_sharing_enabled":true,"_links":{"self":[{"href":"https:\/\/www.antikvariat-vodnik.si\/index.php?rest_route=\/wp\/v2\/product\/78475","targetHints":{"allow":["GET"]}}],"collection":[{"href":"https:\/\/www.antikvariat-vodnik.si\/index.php?rest_route=\/wp\/v2\/product"}],"about":[{"href":"https:\/\/www.antikvariat-vodnik.si\/index.php?rest_route=\/wp\/v2\/types\/product"}],"wp:featuredmedia":[{"embeddable":true,"href":"https:\/\/www.antikvariat-vodnik.si\/index.php?rest_route=\/wp\/v2\/media\/78476"}],"wp:attachment":[{"href":"https:\/\/www.antikvariat-vodnik.si\/index.php?rest_route=%2Fwp%2Fv2%2Fmedia&parent=78475"}],"wp:term":[{"taxonomy":"product_brand","embeddable":true,"href":"https:\/\/www.antikvariat-vodnik.si\/index.php?rest_route=%2Fwp%2Fv2%2Fproduct_brand&post=78475"},{"taxonomy":"product_cat","embeddable":true,"href":"https:\/\/www.antikvariat-vodnik.si\/index.php?rest_route=%2Fwp%2Fv2%2Fproduct_cat&post=78475"},{"taxonomy":"product_tag","embeddable":true,"href":"https:\/\/www.antikvariat-vodnik.si\/index.php?rest_route=%2Fwp%2Fv2%2Fproduct_tag&post=78475"}],"curies":[{"name":"wp","href":"https:\/\/api.w.org\/{rel}","templated":true}]}}