{"id":78446,"date":"2026-04-23T12:41:28","date_gmt":"2026-04-23T10:41:28","guid":{"rendered":"https:\/\/www.antikvariat-vodnik.si\/?post_type=product&#038;p=78446"},"modified":"2026-04-23T12:41:31","modified_gmt":"2026-04-23T10:41:31","slug":"odkrivajmo-anglescino-jezikovni-tecaj-za-otroke-1-12-knjig","status":"publish","type":"product","link":"https:\/\/www.antikvariat-vodnik.si\/?product=odkrivajmo-anglescino-jezikovni-tecaj-za-otroke-1-12-knjig","title":{"rendered":"ODKRIVAJMO ANGLE\u0160\u010cINO; JEZIKOVNI TE\u010cAJ ZA OTROKE (1 &#8211; 12 knjig)"},"content":{"rendered":"<p>Trda vezava, 25.5 cm, MK, 1994, lepo ohranjene.<\/p>\n","protected":false},"excerpt":{"rendered":"<p>Trda vezava, 25.5 cm, MK, 1994, lepo ohranjene.<\/p>\n","protected":false},"featured_media":78448,"template":"","meta":{"_monsterinsights_skip_tracking":false,"_monsterinsights_sitenote_active":false,"_monsterinsights_sitenote_note":"","_monsterinsights_sitenote_category":0},"product_brand":[],"product_cat":[17,16],"product_tag":[],"class_list":{"0":"post-78446","1":"product","2":"type-product","3":"status-publish","4":"has-post-thumbnail","6":"product_cat-antikvarne-knjige","7":"product_cat-katalog-knjig","9":"first","10":"instock","11":"taxable","12":"shipping-taxable","13":"purchasable","14":"product-type-simple"},"jetpack_sharing_enabled":true,"_links":{"self":[{"href":"https:\/\/www.antikvariat-vodnik.si\/index.php?rest_route=\/wp\/v2\/product\/78446","targetHints":{"allow":["GET"]}}],"collection":[{"href":"https:\/\/www.antikvariat-vodnik.si\/index.php?rest_route=\/wp\/v2\/product"}],"about":[{"href":"https:\/\/www.antikvariat-vodnik.si\/index.php?rest_route=\/wp\/v2\/types\/product"}],"wp:featuredmedia":[{"embeddable":true,"href":"https:\/\/www.antikvariat-vodnik.si\/index.php?rest_route=\/wp\/v2\/media\/78448"}],"wp:attachment":[{"href":"https:\/\/www.antikvariat-vodnik.si\/index.php?rest_route=%2Fwp%2Fv2%2Fmedia&parent=78446"}],"wp:term":[{"taxonomy":"product_brand","embeddable":true,"href":"https:\/\/www.antikvariat-vodnik.si\/index.php?rest_route=%2Fwp%2Fv2%2Fproduct_brand&post=78446"},{"taxonomy":"product_cat","embeddable":true,"href":"https:\/\/www.antikvariat-vodnik.si\/index.php?rest_route=%2Fwp%2Fv2%2Fproduct_cat&post=78446"},{"taxonomy":"product_tag","embeddable":true,"href":"https:\/\/www.antikvariat-vodnik.si\/index.php?rest_route=%2Fwp%2Fv2%2Fproduct_tag&post=78446"}],"curies":[{"name":"wp","href":"https:\/\/api.w.org\/{rel}","templated":true}]}}