{"id":78403,"date":"2026-04-21T16:30:57","date_gmt":"2026-04-21T14:30:57","guid":{"rendered":"https:\/\/www.antikvariat-vodnik.si\/?post_type=product&#038;p=78403"},"modified":"2026-04-21T16:31:00","modified_gmt":"2026-04-21T14:31:00","slug":"bela-krizantema-bela-hrizantema-ivan-cankar-v-slovenscini-in-srbohrvascini","status":"publish","type":"product","link":"https:\/\/www.antikvariat-vodnik.si\/?product=bela-krizantema-bela-hrizantema-ivan-cankar-v-slovenscini-in-srbohrvascini","title":{"rendered":"BELA KRIZANTEMA \/ BELA HRIZANTEMA, Ivan Cankar (v sloven\u0161\u010dini in srbohrva\u0161\u010dini)"},"content":{"rendered":"<p>84 str., trda vezava, \u0161\u010ditni ovitek, 18 cm, DZS, 1968, lepo ohranjena.<\/p>\n","protected":false},"excerpt":{"rendered":"<p>84 str., trda vezava, \u0161\u010ditni ovitek, 18 cm, DZS, 1968, lepo ohranjena.<\/p>\n","protected":false},"featured_media":78404,"template":"","meta":{"_monsterinsights_skip_tracking":false,"_monsterinsights_sitenote_active":false,"_monsterinsights_sitenote_note":"","_monsterinsights_sitenote_category":0},"product_brand":[],"product_cat":[17,16,28,27,64,75],"product_tag":[],"class_list":{"0":"post-78403","1":"product","2":"type-product","3":"status-publish","4":"has-post-thumbnail","6":"product_cat-antikvarne-knjige","7":"product_cat-katalog-knjig","8":"product_cat-knjige-v-tujih-jezikih","9":"product_cat-leposlovje","10":"product_cat-slovenska-proza","11":"product_cat-srbski-hrvaski-jezik","13":"first","14":"instock","15":"taxable","16":"shipping-taxable","17":"purchasable","18":"product-type-simple"},"jetpack_sharing_enabled":true,"_links":{"self":[{"href":"https:\/\/www.antikvariat-vodnik.si\/index.php?rest_route=\/wp\/v2\/product\/78403","targetHints":{"allow":["GET"]}}],"collection":[{"href":"https:\/\/www.antikvariat-vodnik.si\/index.php?rest_route=\/wp\/v2\/product"}],"about":[{"href":"https:\/\/www.antikvariat-vodnik.si\/index.php?rest_route=\/wp\/v2\/types\/product"}],"wp:featuredmedia":[{"embeddable":true,"href":"https:\/\/www.antikvariat-vodnik.si\/index.php?rest_route=\/wp\/v2\/media\/78404"}],"wp:attachment":[{"href":"https:\/\/www.antikvariat-vodnik.si\/index.php?rest_route=%2Fwp%2Fv2%2Fmedia&parent=78403"}],"wp:term":[{"taxonomy":"product_brand","embeddable":true,"href":"https:\/\/www.antikvariat-vodnik.si\/index.php?rest_route=%2Fwp%2Fv2%2Fproduct_brand&post=78403"},{"taxonomy":"product_cat","embeddable":true,"href":"https:\/\/www.antikvariat-vodnik.si\/index.php?rest_route=%2Fwp%2Fv2%2Fproduct_cat&post=78403"},{"taxonomy":"product_tag","embeddable":true,"href":"https:\/\/www.antikvariat-vodnik.si\/index.php?rest_route=%2Fwp%2Fv2%2Fproduct_tag&post=78403"}],"curies":[{"name":"wp","href":"https:\/\/api.w.org\/{rel}","templated":true}]}}