{"id":78374,"date":"2026-04-21T13:26:22","date_gmt":"2026-04-21T11:26:22","guid":{"rendered":"https:\/\/www.antikvariat-vodnik.si\/?post_type=product&#038;p=78374"},"modified":"2026-04-21T13:26:25","modified_gmt":"2026-04-21T11:26:25","slug":"prakticni-vodnik-feng-suj-harmonija-doma-in-na-vrtu","status":"publish","type":"product","link":"https:\/\/www.antikvariat-vodnik.si\/?product=prakticni-vodnik-feng-suj-harmonija-doma-in-na-vrtu","title":{"rendered":"PRAKTI\u010cNI VODNIK; FENG \u0160UJ &#8211; HARMONIJA DOMA IN NA VRTU"},"content":{"rendered":"<p>256 str., trda vezava, 20.5 cm, U\u010dila, 2013, lepo ohranjena.<\/p>\n","protected":false},"excerpt":{"rendered":"<p>256 str., trda vezava, 20.5 cm, U\u010dila, 2013, lepo ohranjena.<\/p>\n","protected":false},"featured_media":78375,"template":"","meta":{"_monsterinsights_skip_tracking":false,"_monsterinsights_sitenote_active":false,"_monsterinsights_sitenote_note":"","_monsterinsights_sitenote_category":0},"product_brand":[],"product_cat":[17,52,16,26],"product_tag":[],"class_list":{"0":"post-78374","1":"product","2":"type-product","3":"status-publish","4":"has-post-thumbnail","6":"product_cat-antikvarne-knjige","7":"product_cat-dom-vrt-rocna-dela","8":"product_cat-katalog-knjig","9":"product_cat-prirocniki-uporabne-vede-duhovnost","11":"first","12":"instock","13":"taxable","14":"shipping-taxable","15":"purchasable","16":"product-type-simple"},"jetpack_sharing_enabled":true,"_links":{"self":[{"href":"https:\/\/www.antikvariat-vodnik.si\/index.php?rest_route=\/wp\/v2\/product\/78374","targetHints":{"allow":["GET"]}}],"collection":[{"href":"https:\/\/www.antikvariat-vodnik.si\/index.php?rest_route=\/wp\/v2\/product"}],"about":[{"href":"https:\/\/www.antikvariat-vodnik.si\/index.php?rest_route=\/wp\/v2\/types\/product"}],"wp:featuredmedia":[{"embeddable":true,"href":"https:\/\/www.antikvariat-vodnik.si\/index.php?rest_route=\/wp\/v2\/media\/78375"}],"wp:attachment":[{"href":"https:\/\/www.antikvariat-vodnik.si\/index.php?rest_route=%2Fwp%2Fv2%2Fmedia&parent=78374"}],"wp:term":[{"taxonomy":"product_brand","embeddable":true,"href":"https:\/\/www.antikvariat-vodnik.si\/index.php?rest_route=%2Fwp%2Fv2%2Fproduct_brand&post=78374"},{"taxonomy":"product_cat","embeddable":true,"href":"https:\/\/www.antikvariat-vodnik.si\/index.php?rest_route=%2Fwp%2Fv2%2Fproduct_cat&post=78374"},{"taxonomy":"product_tag","embeddable":true,"href":"https:\/\/www.antikvariat-vodnik.si\/index.php?rest_route=%2Fwp%2Fv2%2Fproduct_tag&post=78374"}],"curies":[{"name":"wp","href":"https:\/\/api.w.org\/{rel}","templated":true}]}}