{"id":78181,"date":"2026-04-17T19:19:51","date_gmt":"2026-04-17T17:19:51","guid":{"rendered":"https:\/\/www.antikvariat-vodnik.si\/?post_type=product&#038;p=78181"},"modified":"2026-04-17T19:19:54","modified_gmt":"2026-04-17T17:19:54","slug":"kuhinjska-zelisca-v-loncih-engelbert-kotter","status":"publish","type":"product","link":"https:\/\/www.antikvariat-vodnik.si\/?product=kuhinjska-zelisca-v-loncih-engelbert-kotter","title":{"rendered":"KUHINJSKA ZELI\u0160\u010cA V LONCIH, Engelbert K\u00f6tter"},"content":{"rendered":"<p>64 str., mehka vezava, 20 cm, MK, 2009, lepo ohranjena.<\/p>\n","protected":false},"excerpt":{"rendered":"<p>64 str., mehka vezava, 20 cm, MK, 2009, lepo ohranjena.<\/p>\n","protected":false},"featured_media":78182,"template":"","meta":{"_monsterinsights_skip_tracking":false,"_monsterinsights_sitenote_active":false,"_monsterinsights_sitenote_note":"","_monsterinsights_sitenote_category":0},"product_brand":[],"product_cat":[17,16,26,53],"product_tag":[],"class_list":{"0":"post-78181","1":"product","2":"type-product","3":"status-publish","4":"has-post-thumbnail","6":"product_cat-antikvarne-knjige","7":"product_cat-katalog-knjig","8":"product_cat-prirocniki-uporabne-vede-duhovnost","9":"product_cat-rastline-vrt-zivali","11":"first","12":"instock","13":"taxable","14":"shipping-taxable","15":"purchasable","16":"product-type-simple"},"jetpack_sharing_enabled":true,"_links":{"self":[{"href":"https:\/\/www.antikvariat-vodnik.si\/index.php?rest_route=\/wp\/v2\/product\/78181","targetHints":{"allow":["GET"]}}],"collection":[{"href":"https:\/\/www.antikvariat-vodnik.si\/index.php?rest_route=\/wp\/v2\/product"}],"about":[{"href":"https:\/\/www.antikvariat-vodnik.si\/index.php?rest_route=\/wp\/v2\/types\/product"}],"wp:featuredmedia":[{"embeddable":true,"href":"https:\/\/www.antikvariat-vodnik.si\/index.php?rest_route=\/wp\/v2\/media\/78182"}],"wp:attachment":[{"href":"https:\/\/www.antikvariat-vodnik.si\/index.php?rest_route=%2Fwp%2Fv2%2Fmedia&parent=78181"}],"wp:term":[{"taxonomy":"product_brand","embeddable":true,"href":"https:\/\/www.antikvariat-vodnik.si\/index.php?rest_route=%2Fwp%2Fv2%2Fproduct_brand&post=78181"},{"taxonomy":"product_cat","embeddable":true,"href":"https:\/\/www.antikvariat-vodnik.si\/index.php?rest_route=%2Fwp%2Fv2%2Fproduct_cat&post=78181"},{"taxonomy":"product_tag","embeddable":true,"href":"https:\/\/www.antikvariat-vodnik.si\/index.php?rest_route=%2Fwp%2Fv2%2Fproduct_tag&post=78181"}],"curies":[{"name":"wp","href":"https:\/\/api.w.org\/{rel}","templated":true}]}}