{"id":78092,"date":"2026-04-13T17:01:24","date_gmt":"2026-04-13T15:01:24","guid":{"rendered":"https:\/\/www.antikvariat-vodnik.si\/?post_type=product&#038;p=78092"},"modified":"2026-04-13T17:01:26","modified_gmt":"2026-04-13T15:01:26","slug":"nas-otrocek-dr-marij-avcin","status":"publish","type":"product","link":"https:\/\/www.antikvariat-vodnik.si\/?product=nas-otrocek-dr-marij-avcin","title":{"rendered":"NA\u0160 OTRO\u010cEK, dr. Marij Av\u010din"},"content":{"rendered":"<p>44 str., \u00a0mehka vezava, 21.5 cm, 1949, lepo ohranjena.<\/p>\n","protected":false},"excerpt":{"rendered":"<p>44 str., \u00a0mehka vezava, 21.5 cm, 1949, lepo ohranjena.<\/p>\n","protected":false},"featured_media":78093,"template":"","meta":{"_monsterinsights_skip_tracking":false,"_monsterinsights_sitenote_active":false,"_monsterinsights_sitenote_note":"","_monsterinsights_sitenote_category":0},"product_brand":[],"product_cat":[17,90,16,26],"product_tag":[],"class_list":{"0":"post-78092","1":"product","2":"type-product","3":"status-publish","4":"has-post-thumbnail","6":"product_cat-antikvarne-knjige","7":"product_cat-druzina-starsevstvo-vzgoja","8":"product_cat-katalog-knjig","9":"product_cat-prirocniki-uporabne-vede-duhovnost","11":"first","12":"instock","13":"taxable","14":"shipping-taxable","15":"purchasable","16":"product-type-simple"},"jetpack_sharing_enabled":true,"_links":{"self":[{"href":"https:\/\/www.antikvariat-vodnik.si\/index.php?rest_route=\/wp\/v2\/product\/78092","targetHints":{"allow":["GET"]}}],"collection":[{"href":"https:\/\/www.antikvariat-vodnik.si\/index.php?rest_route=\/wp\/v2\/product"}],"about":[{"href":"https:\/\/www.antikvariat-vodnik.si\/index.php?rest_route=\/wp\/v2\/types\/product"}],"wp:featuredmedia":[{"embeddable":true,"href":"https:\/\/www.antikvariat-vodnik.si\/index.php?rest_route=\/wp\/v2\/media\/78093"}],"wp:attachment":[{"href":"https:\/\/www.antikvariat-vodnik.si\/index.php?rest_route=%2Fwp%2Fv2%2Fmedia&parent=78092"}],"wp:term":[{"taxonomy":"product_brand","embeddable":true,"href":"https:\/\/www.antikvariat-vodnik.si\/index.php?rest_route=%2Fwp%2Fv2%2Fproduct_brand&post=78092"},{"taxonomy":"product_cat","embeddable":true,"href":"https:\/\/www.antikvariat-vodnik.si\/index.php?rest_route=%2Fwp%2Fv2%2Fproduct_cat&post=78092"},{"taxonomy":"product_tag","embeddable":true,"href":"https:\/\/www.antikvariat-vodnik.si\/index.php?rest_route=%2Fwp%2Fv2%2Fproduct_tag&post=78092"}],"curies":[{"name":"wp","href":"https:\/\/api.w.org\/{rel}","templated":true}]}}