{"id":78065,"date":"2026-04-11T19:25:49","date_gmt":"2026-04-11T17:25:49","guid":{"rendered":"https:\/\/www.antikvariat-vodnik.si\/?post_type=product&#038;p=78065"},"modified":"2026-04-11T19:27:27","modified_gmt":"2026-04-11T17:27:27","slug":"izbrane-pesmi-otona-zupancica","status":"publish","type":"product","link":"https:\/\/www.antikvariat-vodnik.si\/?product=izbrane-pesmi-otona-zupancica","title":{"rendered":"IZBRANE PESMI OTONA \u017dUPAN\u010cI\u010cA"},"content":{"rendered":"<p>176 str., trda vezava, 18 cm, Pre\u0161ernova dru\u017eba, 1977, dobro ohranjena<\/p>\n","protected":false},"excerpt":{"rendered":"<p>176 str., trda vezava, 18 cm, Pre\u0161ernova dru\u017eba, 1977, dobro ohranjena<\/p>\n","protected":false},"featured_media":78067,"template":"","meta":{"_monsterinsights_skip_tracking":false,"_monsterinsights_sitenote_active":false,"_monsterinsights_sitenote_note":"","_monsterinsights_sitenote_category":0},"product_brand":[],"product_cat":[17,19,16,27,66],"product_tag":[],"class_list":{"0":"post-78065","1":"product","2":"type-product","3":"status-publish","4":"has-post-thumbnail","6":"product_cat-antikvarne-knjige","7":"product_cat-humanistika-druzboslovje","8":"product_cat-katalog-knjig","9":"product_cat-leposlovje","10":"product_cat-poezija","12":"first","13":"instock","14":"taxable","15":"shipping-taxable","16":"purchasable","17":"product-type-simple"},"jetpack_sharing_enabled":true,"_links":{"self":[{"href":"https:\/\/www.antikvariat-vodnik.si\/index.php?rest_route=\/wp\/v2\/product\/78065","targetHints":{"allow":["GET"]}}],"collection":[{"href":"https:\/\/www.antikvariat-vodnik.si\/index.php?rest_route=\/wp\/v2\/product"}],"about":[{"href":"https:\/\/www.antikvariat-vodnik.si\/index.php?rest_route=\/wp\/v2\/types\/product"}],"wp:featuredmedia":[{"embeddable":true,"href":"https:\/\/www.antikvariat-vodnik.si\/index.php?rest_route=\/wp\/v2\/media\/78067"}],"wp:attachment":[{"href":"https:\/\/www.antikvariat-vodnik.si\/index.php?rest_route=%2Fwp%2Fv2%2Fmedia&parent=78065"}],"wp:term":[{"taxonomy":"product_brand","embeddable":true,"href":"https:\/\/www.antikvariat-vodnik.si\/index.php?rest_route=%2Fwp%2Fv2%2Fproduct_brand&post=78065"},{"taxonomy":"product_cat","embeddable":true,"href":"https:\/\/www.antikvariat-vodnik.si\/index.php?rest_route=%2Fwp%2Fv2%2Fproduct_cat&post=78065"},{"taxonomy":"product_tag","embeddable":true,"href":"https:\/\/www.antikvariat-vodnik.si\/index.php?rest_route=%2Fwp%2Fv2%2Fproduct_tag&post=78065"}],"curies":[{"name":"wp","href":"https:\/\/api.w.org\/{rel}","templated":true}]}}