{"id":77980,"date":"2026-04-11T13:54:31","date_gmt":"2026-04-11T11:54:31","guid":{"rendered":"https:\/\/www.antikvariat-vodnik.si\/?post_type=product&#038;p=77980"},"modified":"2026-04-11T13:56:11","modified_gmt":"2026-04-11T11:56:11","slug":"kmetijsko-zadruznistvo-na-slovenskem","status":"publish","type":"product","link":"https:\/\/www.antikvariat-vodnik.si\/?product=kmetijsko-zadruznistvo-na-slovenskem","title":{"rendered":"KMETIJSKO ZADRU\u017dNI\u0160TVO NA SLOVENSKEM"},"content":{"rendered":"<p>176 str., trda vezava, 28,5 cm, Zadru\u017ena zveza Slovenije, 1983, dobro ohranjena<\/p>\n","protected":false},"excerpt":{"rendered":"<p>176 str., trda vezava, 28,5 cm, Zadru\u017ena zveza Slovenije, 1983, dobro ohranjena<\/p>\n","protected":false},"featured_media":77981,"template":"","meta":{"_monsterinsights_skip_tracking":false,"_monsterinsights_sitenote_active":false,"_monsterinsights_sitenote_note":"","_monsterinsights_sitenote_category":0},"product_brand":[],"product_cat":[17,19,16,53],"product_tag":[],"class_list":{"0":"post-77980","1":"product","2":"type-product","3":"status-publish","4":"has-post-thumbnail","6":"product_cat-antikvarne-knjige","7":"product_cat-humanistika-druzboslovje","8":"product_cat-katalog-knjig","9":"product_cat-rastline-vrt-zivali","11":"first","12":"instock","13":"taxable","14":"shipping-taxable","15":"purchasable","16":"product-type-simple"},"jetpack_sharing_enabled":true,"_links":{"self":[{"href":"https:\/\/www.antikvariat-vodnik.si\/index.php?rest_route=\/wp\/v2\/product\/77980","targetHints":{"allow":["GET"]}}],"collection":[{"href":"https:\/\/www.antikvariat-vodnik.si\/index.php?rest_route=\/wp\/v2\/product"}],"about":[{"href":"https:\/\/www.antikvariat-vodnik.si\/index.php?rest_route=\/wp\/v2\/types\/product"}],"wp:featuredmedia":[{"embeddable":true,"href":"https:\/\/www.antikvariat-vodnik.si\/index.php?rest_route=\/wp\/v2\/media\/77981"}],"wp:attachment":[{"href":"https:\/\/www.antikvariat-vodnik.si\/index.php?rest_route=%2Fwp%2Fv2%2Fmedia&parent=77980"}],"wp:term":[{"taxonomy":"product_brand","embeddable":true,"href":"https:\/\/www.antikvariat-vodnik.si\/index.php?rest_route=%2Fwp%2Fv2%2Fproduct_brand&post=77980"},{"taxonomy":"product_cat","embeddable":true,"href":"https:\/\/www.antikvariat-vodnik.si\/index.php?rest_route=%2Fwp%2Fv2%2Fproduct_cat&post=77980"},{"taxonomy":"product_tag","embeddable":true,"href":"https:\/\/www.antikvariat-vodnik.si\/index.php?rest_route=%2Fwp%2Fv2%2Fproduct_tag&post=77980"}],"curies":[{"name":"wp","href":"https:\/\/api.w.org\/{rel}","templated":true}]}}