{"id":77156,"date":"2026-03-10T11:35:05","date_gmt":"2026-03-10T10:35:05","guid":{"rendered":"https:\/\/www.antikvariat-vodnik.si\/?post_type=product&#038;p=77156"},"modified":"2026-03-10T11:35:07","modified_gmt":"2026-03-10T10:35:07","slug":"slovenske-praznicne-sladke-jedi-pecene-po-s-feliciti-kalinsek","status":"publish","type":"product","link":"https:\/\/www.antikvariat-vodnik.si\/?product=slovenske-praznicne-sladke-jedi-pecene-po-s-feliciti-kalinsek","title":{"rendered":"SLOVENSKE PRAZNI\u010cNE SLADKE JEDI; PE\u010cENE, po s. Feliciti Kalin\u0161ek"},"content":{"rendered":"<p>104 str., trda vezava, 22.5 cm, CZ, 2005, lepo ohranjanja.<\/p>\n","protected":false},"excerpt":{"rendered":"<p>104 str., trda vezava, 22.5 cm, CZ, 2005, lepo ohranjanja.<\/p>\n","protected":false},"featured_media":77157,"template":"","meta":{"_monsterinsights_skip_tracking":false,"_monsterinsights_sitenote_active":false,"_monsterinsights_sitenote_note":"","_monsterinsights_sitenote_category":0},"product_brand":[],"product_cat":[17,16,50,26],"product_tag":[],"class_list":{"0":"post-77156","1":"product","2":"type-product","3":"status-publish","4":"has-post-thumbnail","6":"product_cat-antikvarne-knjige","7":"product_cat-katalog-knjig","8":"product_cat-kulinarika","9":"product_cat-prirocniki-uporabne-vede-duhovnost","11":"first","12":"instock","13":"taxable","14":"shipping-taxable","15":"purchasable","16":"product-type-simple"},"jetpack_sharing_enabled":true,"_links":{"self":[{"href":"https:\/\/www.antikvariat-vodnik.si\/index.php?rest_route=\/wp\/v2\/product\/77156","targetHints":{"allow":["GET"]}}],"collection":[{"href":"https:\/\/www.antikvariat-vodnik.si\/index.php?rest_route=\/wp\/v2\/product"}],"about":[{"href":"https:\/\/www.antikvariat-vodnik.si\/index.php?rest_route=\/wp\/v2\/types\/product"}],"wp:featuredmedia":[{"embeddable":true,"href":"https:\/\/www.antikvariat-vodnik.si\/index.php?rest_route=\/wp\/v2\/media\/77157"}],"wp:attachment":[{"href":"https:\/\/www.antikvariat-vodnik.si\/index.php?rest_route=%2Fwp%2Fv2%2Fmedia&parent=77156"}],"wp:term":[{"taxonomy":"product_brand","embeddable":true,"href":"https:\/\/www.antikvariat-vodnik.si\/index.php?rest_route=%2Fwp%2Fv2%2Fproduct_brand&post=77156"},{"taxonomy":"product_cat","embeddable":true,"href":"https:\/\/www.antikvariat-vodnik.si\/index.php?rest_route=%2Fwp%2Fv2%2Fproduct_cat&post=77156"},{"taxonomy":"product_tag","embeddable":true,"href":"https:\/\/www.antikvariat-vodnik.si\/index.php?rest_route=%2Fwp%2Fv2%2Fproduct_tag&post=77156"}],"curies":[{"name":"wp","href":"https:\/\/api.w.org\/{rel}","templated":true}]}}