{"id":76865,"date":"2026-03-05T11:43:35","date_gmt":"2026-03-05T10:43:35","guid":{"rendered":"https:\/\/www.antikvariat-vodnik.si\/?post_type=product&#038;p=76865"},"modified":"2026-03-05T11:43:38","modified_gmt":"2026-03-05T10:43:38","slug":"filozofija-majhnega-kraja-radomir-konstantinovic","status":"publish","type":"product","link":"https:\/\/www.antikvariat-vodnik.si\/?product=filozofija-majhnega-kraja-radomir-konstantinovic","title":{"rendered":"FILOZOFIJA MAJHNEGA KRAJA, Radomir Konstantinovi\u0107"},"content":{"rendered":"<p>348 str., trda vezava, \u0161\u010ditni ovitek, 23.5 cm, Beletrina, 2024, lepo ohranjena.<\/p>\n","protected":false},"excerpt":{"rendered":"<p>348 str., trda vezava, \u0161\u010ditni ovitek, 23.5 cm, Beletrina, 2024, lepo ohranjena.<\/p>\n","protected":false},"featured_media":76866,"template":"","meta":{"_monsterinsights_skip_tracking":false,"_monsterinsights_sitenote_active":false,"_monsterinsights_sitenote_note":"","_monsterinsights_sitenote_category":0},"product_brand":[],"product_cat":[17,88,19,16],"product_tag":[],"class_list":{"0":"post-76865","1":"product","2":"type-product","3":"status-publish","4":"has-post-thumbnail","6":"product_cat-antikvarne-knjige","7":"product_cat-filozofija-psihologija-sociologija","8":"product_cat-humanistika-druzboslovje","9":"product_cat-katalog-knjig","11":"first","12":"instock","13":"taxable","14":"shipping-taxable","15":"purchasable","16":"product-type-simple"},"jetpack_sharing_enabled":true,"_links":{"self":[{"href":"https:\/\/www.antikvariat-vodnik.si\/index.php?rest_route=\/wp\/v2\/product\/76865","targetHints":{"allow":["GET"]}}],"collection":[{"href":"https:\/\/www.antikvariat-vodnik.si\/index.php?rest_route=\/wp\/v2\/product"}],"about":[{"href":"https:\/\/www.antikvariat-vodnik.si\/index.php?rest_route=\/wp\/v2\/types\/product"}],"wp:featuredmedia":[{"embeddable":true,"href":"https:\/\/www.antikvariat-vodnik.si\/index.php?rest_route=\/wp\/v2\/media\/76866"}],"wp:attachment":[{"href":"https:\/\/www.antikvariat-vodnik.si\/index.php?rest_route=%2Fwp%2Fv2%2Fmedia&parent=76865"}],"wp:term":[{"taxonomy":"product_brand","embeddable":true,"href":"https:\/\/www.antikvariat-vodnik.si\/index.php?rest_route=%2Fwp%2Fv2%2Fproduct_brand&post=76865"},{"taxonomy":"product_cat","embeddable":true,"href":"https:\/\/www.antikvariat-vodnik.si\/index.php?rest_route=%2Fwp%2Fv2%2Fproduct_cat&post=76865"},{"taxonomy":"product_tag","embeddable":true,"href":"https:\/\/www.antikvariat-vodnik.si\/index.php?rest_route=%2Fwp%2Fv2%2Fproduct_tag&post=76865"}],"curies":[{"name":"wp","href":"https:\/\/api.w.org\/{rel}","templated":true}]}}