{"id":76517,"date":"2026-02-25T12:46:52","date_gmt":"2026-02-25T11:46:52","guid":{"rendered":"https:\/\/www.antikvariat-vodnik.si\/?post_type=product&#038;p=76517"},"modified":"2026-02-25T12:46:55","modified_gmt":"2026-02-25T11:46:55","slug":"mrezenje-spretnost-ki-je-v-soli-ne-ucijo-cynthia-damour","status":"publish","type":"product","link":"https:\/\/www.antikvariat-vodnik.si\/?product=mrezenje-spretnost-ki-je-v-soli-ne-ucijo-cynthia-damour","title":{"rendered":"MRE\u017dENJE; SPRETNOST, KI JE V \u0160OLI NE U\u010cIJO, Cynthia D\u2019Amour"},"content":{"rendered":"<p>116 str., mehka vezava, 20.5 cm, Tuma, 2004, lepo ohranjena.<\/p>\n","protected":false},"excerpt":{"rendered":"<p>116 str., mehka vezava, 20.5 cm, Tuma, 2004, lepo ohranjena.<\/p>\n","protected":false},"featured_media":76518,"template":"","meta":{"_monsterinsights_skip_tracking":false,"_monsterinsights_sitenote_active":false,"_monsterinsights_sitenote_note":"","_monsterinsights_sitenote_category":0},"product_brand":[],"product_cat":[17,16,89,26],"product_tag":[],"class_list":{"0":"post-76517","1":"product","2":"type-product","3":"status-publish","4":"has-post-thumbnail","6":"product_cat-antikvarne-knjige","7":"product_cat-katalog-knjig","8":"product_cat-osebna-rast","9":"product_cat-prirocniki-uporabne-vede-duhovnost","11":"first","12":"instock","13":"taxable","14":"shipping-taxable","15":"purchasable","16":"product-type-simple"},"jetpack_sharing_enabled":true,"_links":{"self":[{"href":"https:\/\/www.antikvariat-vodnik.si\/index.php?rest_route=\/wp\/v2\/product\/76517","targetHints":{"allow":["GET"]}}],"collection":[{"href":"https:\/\/www.antikvariat-vodnik.si\/index.php?rest_route=\/wp\/v2\/product"}],"about":[{"href":"https:\/\/www.antikvariat-vodnik.si\/index.php?rest_route=\/wp\/v2\/types\/product"}],"wp:featuredmedia":[{"embeddable":true,"href":"https:\/\/www.antikvariat-vodnik.si\/index.php?rest_route=\/wp\/v2\/media\/76518"}],"wp:attachment":[{"href":"https:\/\/www.antikvariat-vodnik.si\/index.php?rest_route=%2Fwp%2Fv2%2Fmedia&parent=76517"}],"wp:term":[{"taxonomy":"product_brand","embeddable":true,"href":"https:\/\/www.antikvariat-vodnik.si\/index.php?rest_route=%2Fwp%2Fv2%2Fproduct_brand&post=76517"},{"taxonomy":"product_cat","embeddable":true,"href":"https:\/\/www.antikvariat-vodnik.si\/index.php?rest_route=%2Fwp%2Fv2%2Fproduct_cat&post=76517"},{"taxonomy":"product_tag","embeddable":true,"href":"https:\/\/www.antikvariat-vodnik.si\/index.php?rest_route=%2Fwp%2Fv2%2Fproduct_tag&post=76517"}],"curies":[{"name":"wp","href":"https:\/\/api.w.org\/{rel}","templated":true}]}}