{"id":76425,"date":"2026-02-20T13:16:32","date_gmt":"2026-02-20T12:16:32","guid":{"rendered":"https:\/\/www.antikvariat-vodnik.si\/?post_type=product&#038;p=76425"},"modified":"2026-02-20T13:20:53","modified_gmt":"2026-02-20T12:20:53","slug":"slovenski-zeleznicarji-po-italijansko-okupacijo-anka-vidovic-miklavcic","status":"publish","type":"product","link":"https:\/\/www.antikvariat-vodnik.si\/?product=slovenski-zeleznicarji-po-italijansko-okupacijo-anka-vidovic-miklavcic","title":{"rendered":"SLOVENSKI \u017dELEZNI\u010cARJI PO ITALIJANSKO OKUPACIJO, Anka Vidovi\u010d Miklav\u010di\u010d"},"content":{"rendered":"<p>472 strani, trda vezava in \u0161\u010ditni ovitek, 21 cm, In\u0161titut za zgodovino del. gibanja in \u017dG Ljubljana, 1980<\/p>\n","protected":false},"excerpt":{"rendered":"<p>472 strani, trda vezava in \u0161\u010ditni ovitek, 21 cm, In\u0161titut za zgodovino del. gibanja in \u017dG Ljubljana, 1980<\/p>\n","protected":false},"featured_media":76426,"template":"","meta":{"_monsterinsights_skip_tracking":false,"_monsterinsights_sitenote_active":false,"_monsterinsights_sitenote_note":"","_monsterinsights_sitenote_category":0},"product_brand":[],"product_cat":[17,19,16,43],"product_tag":[],"class_list":{"0":"post-76425","1":"product","2":"type-product","3":"status-publish","4":"has-post-thumbnail","6":"product_cat-antikvarne-knjige","7":"product_cat-humanistika-druzboslovje","8":"product_cat-katalog-knjig","9":"product_cat-zgodovina-domoznanstvo","11":"first","12":"instock","13":"taxable","14":"shipping-taxable","15":"purchasable","16":"product-type-simple"},"jetpack_sharing_enabled":true,"_links":{"self":[{"href":"https:\/\/www.antikvariat-vodnik.si\/index.php?rest_route=\/wp\/v2\/product\/76425","targetHints":{"allow":["GET"]}}],"collection":[{"href":"https:\/\/www.antikvariat-vodnik.si\/index.php?rest_route=\/wp\/v2\/product"}],"about":[{"href":"https:\/\/www.antikvariat-vodnik.si\/index.php?rest_route=\/wp\/v2\/types\/product"}],"wp:featuredmedia":[{"embeddable":true,"href":"https:\/\/www.antikvariat-vodnik.si\/index.php?rest_route=\/wp\/v2\/media\/76426"}],"wp:attachment":[{"href":"https:\/\/www.antikvariat-vodnik.si\/index.php?rest_route=%2Fwp%2Fv2%2Fmedia&parent=76425"}],"wp:term":[{"taxonomy":"product_brand","embeddable":true,"href":"https:\/\/www.antikvariat-vodnik.si\/index.php?rest_route=%2Fwp%2Fv2%2Fproduct_brand&post=76425"},{"taxonomy":"product_cat","embeddable":true,"href":"https:\/\/www.antikvariat-vodnik.si\/index.php?rest_route=%2Fwp%2Fv2%2Fproduct_cat&post=76425"},{"taxonomy":"product_tag","embeddable":true,"href":"https:\/\/www.antikvariat-vodnik.si\/index.php?rest_route=%2Fwp%2Fv2%2Fproduct_tag&post=76425"}],"curies":[{"name":"wp","href":"https:\/\/api.w.org\/{rel}","templated":true}]}}