{"id":76403,"date":"2026-02-20T11:28:46","date_gmt":"2026-02-20T10:28:46","guid":{"rendered":"https:\/\/www.antikvariat-vodnik.si\/?post_type=product&#038;p=76403"},"modified":"2026-02-20T11:28:48","modified_gmt":"2026-02-20T10:28:48","slug":"kristof-kolumb-jakob-wassermann","status":"publish","type":"product","link":"https:\/\/www.antikvariat-vodnik.si\/?product=kristof-kolumb-jakob-wassermann","title":{"rendered":"KRI\u0160TOF KOLUMB, Jakob Wassermann"},"content":{"rendered":"<p>188 str., trda vezava, \u0161\u010ditni ovitek, 20 cm, MK, 1957, lepo ohranjena.<\/p>\n","protected":false},"excerpt":{"rendered":"<p>188 str., trda vezava, \u0161\u010ditni ovitek, 20 cm, MK, 1957, lepo ohranjena.<\/p>\n","protected":false},"featured_media":76404,"template":"","meta":{"_monsterinsights_skip_tracking":false,"_monsterinsights_sitenote_active":false,"_monsterinsights_sitenote_note":"","_monsterinsights_sitenote_category":0},"product_brand":[],"product_cat":[17,21,16,26,55],"product_tag":[],"class_list":{"0":"post-76403","1":"product","2":"type-product","3":"status-publish","4":"has-post-thumbnail","6":"product_cat-antikvarne-knjige","7":"product_cat-biografije","8":"product_cat-katalog-knjig","9":"product_cat-prirocniki-uporabne-vede-duhovnost","10":"product_cat-turizem-gornistvo-alpinizem","12":"first","13":"instock","14":"taxable","15":"shipping-taxable","16":"purchasable","17":"product-type-simple"},"jetpack_sharing_enabled":true,"_links":{"self":[{"href":"https:\/\/www.antikvariat-vodnik.si\/index.php?rest_route=\/wp\/v2\/product\/76403","targetHints":{"allow":["GET"]}}],"collection":[{"href":"https:\/\/www.antikvariat-vodnik.si\/index.php?rest_route=\/wp\/v2\/product"}],"about":[{"href":"https:\/\/www.antikvariat-vodnik.si\/index.php?rest_route=\/wp\/v2\/types\/product"}],"wp:featuredmedia":[{"embeddable":true,"href":"https:\/\/www.antikvariat-vodnik.si\/index.php?rest_route=\/wp\/v2\/media\/76404"}],"wp:attachment":[{"href":"https:\/\/www.antikvariat-vodnik.si\/index.php?rest_route=%2Fwp%2Fv2%2Fmedia&parent=76403"}],"wp:term":[{"taxonomy":"product_brand","embeddable":true,"href":"https:\/\/www.antikvariat-vodnik.si\/index.php?rest_route=%2Fwp%2Fv2%2Fproduct_brand&post=76403"},{"taxonomy":"product_cat","embeddable":true,"href":"https:\/\/www.antikvariat-vodnik.si\/index.php?rest_route=%2Fwp%2Fv2%2Fproduct_cat&post=76403"},{"taxonomy":"product_tag","embeddable":true,"href":"https:\/\/www.antikvariat-vodnik.si\/index.php?rest_route=%2Fwp%2Fv2%2Fproduct_tag&post=76403"}],"curies":[{"name":"wp","href":"https:\/\/api.w.org\/{rel}","templated":true}]}}