{"id":76201,"date":"2026-02-17T16:30:53","date_gmt":"2026-02-17T15:30:53","guid":{"rendered":"https:\/\/www.antikvariat-vodnik.si\/?post_type=product&#038;p=76201"},"modified":"2026-03-09T16:07:55","modified_gmt":"2026-03-09T15:07:55","slug":"dalmatinska-kuhinja-dika-marjanovic-radica-v-hrvascini","status":"publish","type":"product","link":"https:\/\/www.antikvariat-vodnik.si\/?product=dalmatinska-kuhinja-dika-marjanovic-radica-v-hrvascini","title":{"rendered":"DALMATINSKA KUHINJA, Dika Marjanovi\u0107-Radica (v hrva\u0161\u010dini)"},"content":{"rendered":"<p>450 str., trda vezava, \u0161\u010ditni ovitek, 21.5 cm, Mladost, 1985, lepo ohranjena.<\/p>\n","protected":false},"excerpt":{"rendered":"<p>450 str., trda vezava, \u0161\u010ditni ovitek, 21.5 cm, Mladost, 1985, lepo ohranjena.<\/p>\n","protected":false},"featured_media":76202,"template":"","meta":{"_monsterinsights_skip_tracking":false,"_monsterinsights_sitenote_active":false,"_monsterinsights_sitenote_note":"","_monsterinsights_sitenote_category":0},"product_brand":[],"product_cat":[17,16,50,26],"product_tag":[],"class_list":{"0":"post-76201","1":"product","2":"type-product","3":"status-publish","4":"has-post-thumbnail","6":"product_cat-antikvarne-knjige","7":"product_cat-katalog-knjig","8":"product_cat-kulinarika","9":"product_cat-prirocniki-uporabne-vede-duhovnost","11":"first","12":"instock","13":"taxable","14":"shipping-taxable","15":"purchasable","16":"product-type-simple"},"jetpack_sharing_enabled":true,"_links":{"self":[{"href":"https:\/\/www.antikvariat-vodnik.si\/index.php?rest_route=\/wp\/v2\/product\/76201","targetHints":{"allow":["GET"]}}],"collection":[{"href":"https:\/\/www.antikvariat-vodnik.si\/index.php?rest_route=\/wp\/v2\/product"}],"about":[{"href":"https:\/\/www.antikvariat-vodnik.si\/index.php?rest_route=\/wp\/v2\/types\/product"}],"wp:featuredmedia":[{"embeddable":true,"href":"https:\/\/www.antikvariat-vodnik.si\/index.php?rest_route=\/wp\/v2\/media\/76202"}],"wp:attachment":[{"href":"https:\/\/www.antikvariat-vodnik.si\/index.php?rest_route=%2Fwp%2Fv2%2Fmedia&parent=76201"}],"wp:term":[{"taxonomy":"product_brand","embeddable":true,"href":"https:\/\/www.antikvariat-vodnik.si\/index.php?rest_route=%2Fwp%2Fv2%2Fproduct_brand&post=76201"},{"taxonomy":"product_cat","embeddable":true,"href":"https:\/\/www.antikvariat-vodnik.si\/index.php?rest_route=%2Fwp%2Fv2%2Fproduct_cat&post=76201"},{"taxonomy":"product_tag","embeddable":true,"href":"https:\/\/www.antikvariat-vodnik.si\/index.php?rest_route=%2Fwp%2Fv2%2Fproduct_tag&post=76201"}],"curies":[{"name":"wp","href":"https:\/\/api.w.org\/{rel}","templated":true}]}}