{"id":7597,"date":"2021-03-06T13:05:42","date_gmt":"2021-03-06T12:05:42","guid":{"rendered":"https:\/\/www.antikvariat-vodnik.si\/?post_type=product&#038;p=7597"},"modified":"2025-10-19T15:59:02","modified_gmt":"2025-10-19T13:59:02","slug":"ljubezen-skozi-zelodec-sodobna-druzinska-kuharija-luka-in-valentina-novak","status":"publish","type":"product","link":"https:\/\/www.antikvariat-vodnik.si\/?product=ljubezen-skozi-zelodec-sodobna-druzinska-kuharija-luka-in-valentina-novak","title":{"rendered":"LJUBEZEN SKOZI \u017dELODEC, Sodobna dru\u017einska kuharija, Luka in Valentina Novak"},"content":{"rendered":"<p>432 strani, trda vezava in \u0161\u010ditni ovitek, 26 cm, Zalo\u017eba Vale Novak 2009, knjiga je kot nova<\/p>\n","protected":false},"excerpt":{"rendered":"<p>432 strani, trda vezava in \u0161\u010ditni ovitek, 26 cm, Zalo\u017eba Vale Novak 2009, knjiga je kot nova<\/p>\n","protected":false},"featured_media":7589,"template":"","meta":{"_monsterinsights_skip_tracking":false,"_monsterinsights_sitenote_active":false,"_monsterinsights_sitenote_note":"","_monsterinsights_sitenote_category":0},"product_brand":[],"product_cat":[17,16,50,26],"product_tag":[],"class_list":{"0":"post-7597","1":"product","2":"type-product","3":"status-publish","4":"has-post-thumbnail","6":"product_cat-antikvarne-knjige","7":"product_cat-katalog-knjig","8":"product_cat-kulinarika","9":"product_cat-prirocniki-uporabne-vede-duhovnost","11":"first","12":"instock","13":"taxable","14":"shipping-taxable","15":"purchasable","16":"product-type-simple"},"jetpack_sharing_enabled":true,"_links":{"self":[{"href":"https:\/\/www.antikvariat-vodnik.si\/index.php?rest_route=\/wp\/v2\/product\/7597","targetHints":{"allow":["GET"]}}],"collection":[{"href":"https:\/\/www.antikvariat-vodnik.si\/index.php?rest_route=\/wp\/v2\/product"}],"about":[{"href":"https:\/\/www.antikvariat-vodnik.si\/index.php?rest_route=\/wp\/v2\/types\/product"}],"wp:featuredmedia":[{"embeddable":true,"href":"https:\/\/www.antikvariat-vodnik.si\/index.php?rest_route=\/wp\/v2\/media\/7589"}],"wp:attachment":[{"href":"https:\/\/www.antikvariat-vodnik.si\/index.php?rest_route=%2Fwp%2Fv2%2Fmedia&parent=7597"}],"wp:term":[{"taxonomy":"product_brand","embeddable":true,"href":"https:\/\/www.antikvariat-vodnik.si\/index.php?rest_route=%2Fwp%2Fv2%2Fproduct_brand&post=7597"},{"taxonomy":"product_cat","embeddable":true,"href":"https:\/\/www.antikvariat-vodnik.si\/index.php?rest_route=%2Fwp%2Fv2%2Fproduct_cat&post=7597"},{"taxonomy":"product_tag","embeddable":true,"href":"https:\/\/www.antikvariat-vodnik.si\/index.php?rest_route=%2Fwp%2Fv2%2Fproduct_tag&post=7597"}],"curies":[{"name":"wp","href":"https:\/\/api.w.org\/{rel}","templated":true}]}}