{"id":75680,"date":"2026-01-31T16:52:05","date_gmt":"2026-01-31T15:52:05","guid":{"rendered":"https:\/\/www.antikvariat-vodnik.si\/?post_type=product&#038;p=75680"},"modified":"2026-02-11T17:41:48","modified_gmt":"2026-02-11T16:41:48","slug":"4-letni-casi-v-kuhinji","status":"publish","type":"product","link":"https:\/\/www.antikvariat-vodnik.si\/?product=4-letni-casi-v-kuhinji","title":{"rendered":"4-LETNI \u010cASI V KUHINJI, Neva Miklav\u010di\u010d-Predan"},"content":{"rendered":"<p>464 str., trda vezava, 19,5 cm, MK, 1987, lepo ohranjena<\/p>\n","protected":false},"excerpt":{"rendered":"<p>464 str., trda vezava, 19,5 cm, MK, 1987, lepo ohranjena<\/p>\n","protected":false},"featured_media":75681,"template":"","meta":{"_monsterinsights_skip_tracking":false,"_monsterinsights_sitenote_active":false,"_monsterinsights_sitenote_note":"","_monsterinsights_sitenote_category":0},"product_brand":[],"product_cat":[17,19,16,50],"product_tag":[],"class_list":{"0":"post-75680","1":"product","2":"type-product","3":"status-publish","4":"has-post-thumbnail","6":"product_cat-antikvarne-knjige","7":"product_cat-humanistika-druzboslovje","8":"product_cat-katalog-knjig","9":"product_cat-kulinarika","11":"first","12":"outofstock","13":"taxable","14":"shipping-taxable","15":"purchasable","16":"product-type-simple"},"jetpack_sharing_enabled":true,"_links":{"self":[{"href":"https:\/\/www.antikvariat-vodnik.si\/index.php?rest_route=\/wp\/v2\/product\/75680","targetHints":{"allow":["GET"]}}],"collection":[{"href":"https:\/\/www.antikvariat-vodnik.si\/index.php?rest_route=\/wp\/v2\/product"}],"about":[{"href":"https:\/\/www.antikvariat-vodnik.si\/index.php?rest_route=\/wp\/v2\/types\/product"}],"wp:featuredmedia":[{"embeddable":true,"href":"https:\/\/www.antikvariat-vodnik.si\/index.php?rest_route=\/wp\/v2\/media\/75681"}],"wp:attachment":[{"href":"https:\/\/www.antikvariat-vodnik.si\/index.php?rest_route=%2Fwp%2Fv2%2Fmedia&parent=75680"}],"wp:term":[{"taxonomy":"product_brand","embeddable":true,"href":"https:\/\/www.antikvariat-vodnik.si\/index.php?rest_route=%2Fwp%2Fv2%2Fproduct_brand&post=75680"},{"taxonomy":"product_cat","embeddable":true,"href":"https:\/\/www.antikvariat-vodnik.si\/index.php?rest_route=%2Fwp%2Fv2%2Fproduct_cat&post=75680"},{"taxonomy":"product_tag","embeddable":true,"href":"https:\/\/www.antikvariat-vodnik.si\/index.php?rest_route=%2Fwp%2Fv2%2Fproduct_tag&post=75680"}],"curies":[{"name":"wp","href":"https:\/\/api.w.org\/{rel}","templated":true}]}}