{"id":75396,"date":"2026-01-24T17:56:10","date_gmt":"2026-01-24T16:56:10","guid":{"rendered":"https:\/\/www.antikvariat-vodnik.si\/?post_type=product&#038;p=75396"},"modified":"2026-01-24T17:56:13","modified_gmt":"2026-01-24T16:56:13","slug":"inovativna-relacijska-druzinska-terapija-christian-gostecnik-ofm","status":"publish","type":"product","link":"https:\/\/www.antikvariat-vodnik.si\/?product=inovativna-relacijska-druzinska-terapija-christian-gostecnik-ofm","title":{"rendered":"INOVATIVNA RELACIJSKA DRU\u017dINSKA TERAPIJA, Christian Goste\u010dnik OFM"},"content":{"rendered":"<p>416 str., trda vezava, 20,5 cm, Teolo\u0161ka fakulteta, 2011, lepo ohranjena<\/p>\n","protected":false},"excerpt":{"rendered":"<p>416 str., trda vezava, 20,5 cm, Teolo\u0161ka fakulteta, 2011, lepo ohranjena<\/p>\n","protected":false},"featured_media":75397,"template":"","meta":{"_monsterinsights_skip_tracking":false,"_monsterinsights_sitenote_active":false,"_monsterinsights_sitenote_note":"","_monsterinsights_sitenote_category":0},"product_brand":[],"product_cat":[17,90,88,19,16],"product_tag":[],"class_list":{"0":"post-75396","1":"product","2":"type-product","3":"status-publish","4":"has-post-thumbnail","6":"product_cat-antikvarne-knjige","7":"product_cat-druzina-starsevstvo-vzgoja","8":"product_cat-filozofija-psihologija-sociologija","9":"product_cat-humanistika-druzboslovje","10":"product_cat-katalog-knjig","12":"first","13":"instock","14":"taxable","15":"shipping-taxable","16":"purchasable","17":"product-type-simple"},"jetpack_sharing_enabled":true,"_links":{"self":[{"href":"https:\/\/www.antikvariat-vodnik.si\/index.php?rest_route=\/wp\/v2\/product\/75396","targetHints":{"allow":["GET"]}}],"collection":[{"href":"https:\/\/www.antikvariat-vodnik.si\/index.php?rest_route=\/wp\/v2\/product"}],"about":[{"href":"https:\/\/www.antikvariat-vodnik.si\/index.php?rest_route=\/wp\/v2\/types\/product"}],"wp:featuredmedia":[{"embeddable":true,"href":"https:\/\/www.antikvariat-vodnik.si\/index.php?rest_route=\/wp\/v2\/media\/75397"}],"wp:attachment":[{"href":"https:\/\/www.antikvariat-vodnik.si\/index.php?rest_route=%2Fwp%2Fv2%2Fmedia&parent=75396"}],"wp:term":[{"taxonomy":"product_brand","embeddable":true,"href":"https:\/\/www.antikvariat-vodnik.si\/index.php?rest_route=%2Fwp%2Fv2%2Fproduct_brand&post=75396"},{"taxonomy":"product_cat","embeddable":true,"href":"https:\/\/www.antikvariat-vodnik.si\/index.php?rest_route=%2Fwp%2Fv2%2Fproduct_cat&post=75396"},{"taxonomy":"product_tag","embeddable":true,"href":"https:\/\/www.antikvariat-vodnik.si\/index.php?rest_route=%2Fwp%2Fv2%2Fproduct_tag&post=75396"}],"curies":[{"name":"wp","href":"https:\/\/api.w.org\/{rel}","templated":true}]}}