{"id":75214,"date":"2026-01-21T17:27:21","date_gmt":"2026-01-21T16:27:21","guid":{"rendered":"https:\/\/www.antikvariat-vodnik.si\/?post_type=product&#038;p=75214"},"modified":"2026-01-21T17:27:24","modified_gmt":"2026-01-21T16:27:24","slug":"artists-for-sports","status":"publish","type":"product","link":"https:\/\/www.antikvariat-vodnik.si\/?product=artists-for-sports","title":{"rendered":"ARTISTS FOR SPORTS"},"content":{"rendered":"<p>Internacionala grafi\u010dna mapa \u0161t. 32, izdelano ob Univerziadi v Zagrebu 1987. Na pobudo grafika &#8211; graverja Zlatka Jaku\u0161a sodelujejo s svojimi deli \u0161e enajst priznanih svetovnih graverjev. Mapa 39 x 28 cm.<\/p>\n","protected":false},"excerpt":{"rendered":"<p>Internacionala grafi\u010dna mapa \u0161t. 32, izdelano ob Univerziadi v Zagrebu 1987. Na pobudo grafika &#8211; graverja Zlatka Jaku\u0161a sodelujejo s svojimi deli \u0161e enajst priznanih svetovnih graverjev. Mapa 39 x 28 cm.<\/p>\n","protected":false},"featured_media":75215,"template":"","meta":{"_monsterinsights_skip_tracking":false,"_monsterinsights_sitenote_active":false,"_monsterinsights_sitenote_note":"","_monsterinsights_sitenote_category":0},"product_brand":[],"product_cat":[17,16,59,24],"product_tag":[],"class_list":{"0":"post-75214","1":"product","2":"type-product","3":"status-publish","4":"has-post-thumbnail","6":"product_cat-antikvarne-knjige","7":"product_cat-katalog-knjig","8":"product_cat-slikarstvo-kiparstvo-grafika","9":"product_cat-umetnost","11":"first","12":"instock","13":"taxable","14":"shipping-taxable","15":"purchasable","16":"product-type-simple"},"jetpack_sharing_enabled":true,"_links":{"self":[{"href":"https:\/\/www.antikvariat-vodnik.si\/index.php?rest_route=\/wp\/v2\/product\/75214","targetHints":{"allow":["GET"]}}],"collection":[{"href":"https:\/\/www.antikvariat-vodnik.si\/index.php?rest_route=\/wp\/v2\/product"}],"about":[{"href":"https:\/\/www.antikvariat-vodnik.si\/index.php?rest_route=\/wp\/v2\/types\/product"}],"wp:featuredmedia":[{"embeddable":true,"href":"https:\/\/www.antikvariat-vodnik.si\/index.php?rest_route=\/wp\/v2\/media\/75215"}],"wp:attachment":[{"href":"https:\/\/www.antikvariat-vodnik.si\/index.php?rest_route=%2Fwp%2Fv2%2Fmedia&parent=75214"}],"wp:term":[{"taxonomy":"product_brand","embeddable":true,"href":"https:\/\/www.antikvariat-vodnik.si\/index.php?rest_route=%2Fwp%2Fv2%2Fproduct_brand&post=75214"},{"taxonomy":"product_cat","embeddable":true,"href":"https:\/\/www.antikvariat-vodnik.si\/index.php?rest_route=%2Fwp%2Fv2%2Fproduct_cat&post=75214"},{"taxonomy":"product_tag","embeddable":true,"href":"https:\/\/www.antikvariat-vodnik.si\/index.php?rest_route=%2Fwp%2Fv2%2Fproduct_tag&post=75214"}],"curies":[{"name":"wp","href":"https:\/\/api.w.org\/{rel}","templated":true}]}}