{"id":75129,"date":"2026-01-20T10:48:08","date_gmt":"2026-01-20T09:48:08","guid":{"rendered":"https:\/\/www.antikvariat-vodnik.si\/?post_type=product&#038;p=75129"},"modified":"2026-01-20T10:48:10","modified_gmt":"2026-01-20T09:48:10","slug":"la-tarre-ma-dit-g-coanet","status":"publish","type":"product","link":"https:\/\/www.antikvariat-vodnik.si\/?product=la-tarre-ma-dit-g-coanet","title":{"rendered":"LA TARRE M\u2019A DIT, G. Coanet"},"content":{"rendered":"<p>Zbirka pesmi v francoskem jeziku. Numerirano \u0161t.: 165, izdelano 1950, opremljeno z 23 originalnimi litografijami, J. E. Muller, 48 strani, \u0161\u010ditni ovitek, 28 cm.<\/p>\n","protected":false},"excerpt":{"rendered":"<p>Zbirka pesmi v francoskem jeziku. Numerirano \u0161t.: 165, izdelano 1950, opremljeno z 23 originalnimi litografijami, J. E. Muller, 48 strani, \u0161\u010ditni ovitek, 28 cm.<\/p>\n","protected":false},"featured_media":75130,"template":"","meta":{"_monsterinsights_skip_tracking":false,"_monsterinsights_sitenote_active":false,"_monsterinsights_sitenote_note":"","_monsterinsights_sitenote_category":0},"product_brand":[],"product_cat":[17,71,16,28,27,66],"product_tag":[],"class_list":{"0":"post-75129","1":"product","2":"type-product","3":"status-publish","4":"has-post-thumbnail","6":"product_cat-antikvarne-knjige","7":"product_cat-francoski-jezik","8":"product_cat-katalog-knjig","9":"product_cat-knjige-v-tujih-jezikih","10":"product_cat-leposlovje","11":"product_cat-poezija","13":"first","14":"instock","15":"taxable","16":"shipping-taxable","17":"purchasable","18":"product-type-simple"},"jetpack_sharing_enabled":true,"_links":{"self":[{"href":"https:\/\/www.antikvariat-vodnik.si\/index.php?rest_route=\/wp\/v2\/product\/75129","targetHints":{"allow":["GET"]}}],"collection":[{"href":"https:\/\/www.antikvariat-vodnik.si\/index.php?rest_route=\/wp\/v2\/product"}],"about":[{"href":"https:\/\/www.antikvariat-vodnik.si\/index.php?rest_route=\/wp\/v2\/types\/product"}],"wp:featuredmedia":[{"embeddable":true,"href":"https:\/\/www.antikvariat-vodnik.si\/index.php?rest_route=\/wp\/v2\/media\/75130"}],"wp:attachment":[{"href":"https:\/\/www.antikvariat-vodnik.si\/index.php?rest_route=%2Fwp%2Fv2%2Fmedia&parent=75129"}],"wp:term":[{"taxonomy":"product_brand","embeddable":true,"href":"https:\/\/www.antikvariat-vodnik.si\/index.php?rest_route=%2Fwp%2Fv2%2Fproduct_brand&post=75129"},{"taxonomy":"product_cat","embeddable":true,"href":"https:\/\/www.antikvariat-vodnik.si\/index.php?rest_route=%2Fwp%2Fv2%2Fproduct_cat&post=75129"},{"taxonomy":"product_tag","embeddable":true,"href":"https:\/\/www.antikvariat-vodnik.si\/index.php?rest_route=%2Fwp%2Fv2%2Fproduct_tag&post=75129"}],"curies":[{"name":"wp","href":"https:\/\/api.w.org\/{rel}","templated":true}]}}